{"id":10200,"date":"2025-04-05T16:41:54","date_gmt":"2025-04-05T14:41:54","guid":{"rendered":"https:\/\/shippox.com\/?post_type=product&#038;p=10200"},"modified":"2026-02-16T20:45:58","modified_gmt":"2026-02-16T19:45:58","slug":"px180","status":"publish","type":"product","link":"https:\/\/shippox.com\/en\/product\/px180\/","title":{"rendered":"Platform scale 180 kg - Model PX180"},"content":{"rendered":"<h2 class=\"\" data-start=\"505\" data-end=\"558\">Platform scale 180 kg - Model PX180 made of stainless steel<\/h2>\n<p class=\"\" data-start=\"560\" data-end=\"875\">The <strong data-start=\"564\" data-end=\"604\">Platform scale 180 kg - Model PX180<\/strong> is the ideal solution for precise weighing in warehouses, workshops, industry or dispatch centers. With its sturdy stainless steel surface, high load capacity and versatile weighing units, it is the perfect choice for anyone looking for accuracy and durability.<\/p>\n<p class=\"\" data-start=\"877\" data-end=\"1165\">The scales impress with a compact platform size of <strong data-start=\"936\" data-end=\"954\">38 \u00d7 30 \u00d7 3 cm<\/strong>, a maximum <strong data-start=\"972\" data-end=\"996\">Load capacity of 180 kg<\/strong>and one <strong data-start=\"1007\" data-end=\"1031\">Accuracy of 50 g<\/strong>. It weighs reliably in <strong data-start=\"1058\" data-end=\"1076\">kg, lb or oz<\/strong> - and thus offers maximum flexibility for national and international applications.<\/p>\n<h3 class=\"\" data-start=\"1172\" data-end=\"1232\">\u2705 Platform scales 180 kg - Your benefits at a glance<\/h3>\n<ul data-start=\"1234\" data-end=\"1474\">\n<li class=\"\" data-start=\"1234\" data-end=\"1259\">\n<p class=\"\" data-start=\"1236\" data-end=\"1259\"><strong data-start=\"1236\" data-end=\"1250\">Capacity:<\/strong> 180 kg<\/p>\n<\/li>\n<li class=\"\" data-start=\"1260\" data-end=\"1285\">\n<p class=\"\" data-start=\"1262\" data-end=\"1285\"><strong data-start=\"1262\" data-end=\"1278\">Accuracy:<\/strong> 50 g<\/p>\n<\/li>\n<li class=\"\" data-start=\"1286\" data-end=\"1343\">\n<p class=\"\" data-start=\"1288\" data-end=\"1343\"><strong data-start=\"1288\" data-end=\"1302\">Units:<\/strong> Kilogram (kg), pound (lb), ounce (oz)<\/p>\n<\/li>\n<li class=\"\" data-start=\"1344\" data-end=\"1388\">\n<p class=\"\" data-start=\"1346\" data-end=\"1388\"><strong data-start=\"1346\" data-end=\"1365\">Platform size:<\/strong> 38 cm x 30 cm x 3 cm<\/p>\n<\/li>\n<li class=\"\" data-start=\"1389\" data-end=\"1416\">\n<p class=\"\" data-start=\"1391\" data-end=\"1416\"><strong data-start=\"1391\" data-end=\"1404\">Material:<\/strong> Stainless steel<\/p>\n<\/li>\n<li class=\"\" data-start=\"1417\" data-end=\"1448\">\n<p class=\"\" data-start=\"1419\" data-end=\"1448\"><strong data-start=\"1419\" data-end=\"1429\">Color:<\/strong> Silver \/ Black<\/p>\n<\/li>\n<li class=\"\" data-start=\"1449\" data-end=\"1474\">\n<p class=\"\" data-start=\"1451\" data-end=\"1474\"><strong data-start=\"1451\" data-end=\"1468\">Model number:<\/strong> PX180<\/p>\n<\/li>\n<\/ul>","protected":false},"excerpt":{"rendered":"<p>Plattformwaage 180 kg \u2013 Modell PX180 aus Edelstahl Die Plattformwaage 180 kg \u2013 Modell PX180 ist die ideale L\u00f6sung f\u00fcr pr\u00e4zises Wiegen in Lager, Werkstatt, Industrie oder Versandzentren. Mit ihrer stabilen Edelstahl-Oberfl\u00e4che, einer hohen Tragkraft und vielseitigen Wiegeeinheiten ist sie die perfekte Wahl f\u00fcr alle, die auf Genauigkeit und Langlebigkeit setzen. Die Waage \u00fcberzeugt mit [&hellip;]<\/p>","protected":false},"featured_media":10201,"comment_status":"open","ping_status":"closed","template":"","meta":{"_monsterinsights_skip_tracking":false,"_monsterinsights_sitenote_active":false,"_monsterinsights_sitenote_note":"","_monsterinsights_sitenote_category":0,"_uf_show_specific_survey":0,"_uf_disable_surveys":false},"product_brand":[],"product_cat":[486,489],"product_tag":[],"class_list":{"0":"post-10200","1":"product","2":"type-product","3":"status-publish","4":"has-post-thumbnail","6":"product_cat-elektronik","7":"product_cat-plattformwaagen","8":"product_shipping_class-dhl-paket","10":"first","11":"instock","12":"sale","13":"taxable","14":"shipping-taxable","15":"purchasable","16":"product-type-simple"},"aioseo_notices":[],"aioseo_head":"\n\t\t<!-- All in One SEO Pro 4.9.0 - aioseo.com -->\n\t<meta name=\"description\" content=\"Die PX180 ist eine kompakte, digitale Plattformwaage mit 180 kg Tragkraft. Ideal f\u00fcr Lager, Versand und Industrie. Jetzt bei Shippox bestellen!\" \/>\n\t<meta name=\"robots\" content=\"max-image-preview:large\" \/>\n\t<meta name=\"google-site-verification\" content=\"u1q7B9Nr19U5bJ_Yf1yOaxUbOB7UxhRG2TpBwMh3pdQ\" \/>\n\t<link rel=\"canonical\" href=\"https:\/\/shippox.com\/en\/product\/px180\/\" \/>\n\t<meta name=\"generator\" content=\"All in One SEO Pro (AIOSEO) 4.9.0\" \/>\n\t\t<meta property=\"og:locale\" content=\"en_US\" \/>\n\t\t<meta property=\"og:site_name\" content=\"SHIPPOX.com -\" \/>\n\t\t<meta property=\"og:type\" content=\"article\" \/>\n\t\t<meta property=\"og:title\" content=\"Plattformwaage 180 kg \u2013 Modell PX180 - SHIPPOX.com\" \/>\n\t\t<meta property=\"og:description\" content=\"Die PX180 ist eine kompakte, digitale Plattformwaage mit 180 kg Tragkraft. Ideal f\u00fcr Lager, Versand und Industrie. Jetzt bei Shippox bestellen!\" \/>\n\t\t<meta property=\"og:url\" content=\"https:\/\/shippox.com\/en\/product\/px180\/\" \/>\n\t\t<meta property=\"og:image\" content=\"https:\/\/shippox.com\/wp-content\/uploads\/2025\/03\/cropped-Logo_weiss_web.png\" \/>\n\t\t<meta property=\"og:image:secure_url\" content=\"https:\/\/shippox.com\/wp-content\/uploads\/2025\/03\/cropped-Logo_weiss_web.png\" \/>\n\t\t<meta property=\"article:published_time\" content=\"2025-04-05T14:41:54+00:00\" \/>\n\t\t<meta property=\"article:modified_time\" content=\"2026-02-16T19:45:58+00:00\" \/>\n\t\t<meta name=\"twitter:card\" content=\"summary_large_image\" \/>\n\t\t<meta name=\"twitter:title\" content=\"Plattformwaage 180 kg \u2013 Modell PX180 - SHIPPOX.com\" \/>\n\t\t<meta name=\"twitter:description\" content=\"Die PX180 ist eine kompakte, digitale Plattformwaage mit 180 kg Tragkraft. Ideal f\u00fcr Lager, Versand und Industrie. Jetzt bei Shippox bestellen!\" \/>\n\t\t<meta name=\"twitter:image\" content=\"https:\/\/shippox.com\/wp-content\/uploads\/2025\/03\/cropped-Logo_weiss_web.png\" \/>\n\t\t<script type=\"application\/ld+json\" class=\"aioseo-schema\">\n\t\t\t{\"@context\":\"https:\\\/\\\/schema.org\",\"@graph\":[{\"@type\":\"BreadcrumbList\",\"@id\":\"https:\\\/\\\/shippox.com\\\/en\\\/product\\\/px180\\\/#breadcrumblist\",\"itemListElement\":[{\"@type\":\"ListItem\",\"@id\":\"https:\\\/\\\/shippox.com\\\/en#listItem\",\"position\":1,\"name\":\"Zu Hause\",\"item\":\"https:\\\/\\\/shippox.com\\\/en\",\"nextItem\":{\"@type\":\"ListItem\",\"@id\":\"https:\\\/\\\/shippox.com\\\/en\\\/store\\\/#listItem\",\"name\":\"Shop\"}},{\"@type\":\"ListItem\",\"@id\":\"https:\\\/\\\/shippox.com\\\/en\\\/store\\\/#listItem\",\"position\":2,\"name\":\"Shop\",\"item\":\"https:\\\/\\\/shippox.com\\\/en\\\/store\\\/\",\"nextItem\":{\"@type\":\"ListItem\",\"@id\":\"https:\\\/\\\/shippox.com\\\/en\\\/product-category\\\/electronics\\\/#listItem\",\"name\":\"Elektronik\"},\"previousItem\":{\"@type\":\"ListItem\",\"@id\":\"https:\\\/\\\/shippox.com\\\/en#listItem\",\"name\":\"Zu Hause\"}},{\"@type\":\"ListItem\",\"@id\":\"https:\\\/\\\/shippox.com\\\/en\\\/product-category\\\/electronics\\\/#listItem\",\"position\":3,\"name\":\"Elektronik\",\"item\":\"https:\\\/\\\/shippox.com\\\/en\\\/product-category\\\/electronics\\\/\",\"nextItem\":{\"@type\":\"ListItem\",\"@id\":\"https:\\\/\\\/shippox.com\\\/en\\\/product-category\\\/electronics\\\/platform-scales\\\/#listItem\",\"name\":\"Plattformwaagen\"},\"previousItem\":{\"@type\":\"ListItem\",\"@id\":\"https:\\\/\\\/shippox.com\\\/en\\\/store\\\/#listItem\",\"name\":\"Shop\"}},{\"@type\":\"ListItem\",\"@id\":\"https:\\\/\\\/shippox.com\\\/en\\\/product-category\\\/electronics\\\/platform-scales\\\/#listItem\",\"position\":4,\"name\":\"Plattformwaagen\",\"item\":\"https:\\\/\\\/shippox.com\\\/en\\\/product-category\\\/electronics\\\/platform-scales\\\/\",\"nextItem\":{\"@type\":\"ListItem\",\"@id\":\"https:\\\/\\\/shippox.com\\\/en\\\/product\\\/px180\\\/#listItem\",\"name\":\"Plattformwaage 180\\u202fkg \\u2013 Modell PX180\"},\"previousItem\":{\"@type\":\"ListItem\",\"@id\":\"https:\\\/\\\/shippox.com\\\/en\\\/product-category\\\/electronics\\\/#listItem\",\"name\":\"Elektronik\"}},{\"@type\":\"ListItem\",\"@id\":\"https:\\\/\\\/shippox.com\\\/en\\\/product\\\/px180\\\/#listItem\",\"position\":5,\"name\":\"Plattformwaage 180\\u202fkg \\u2013 Modell PX180\",\"previousItem\":{\"@type\":\"ListItem\",\"@id\":\"https:\\\/\\\/shippox.com\\\/en\\\/product-category\\\/electronics\\\/platform-scales\\\/#listItem\",\"name\":\"Plattformwaagen\"}}]},{\"@type\":\"Organization\",\"@id\":\"https:\\\/\\\/shippox.com\\\/en\\\/#organization\",\"name\":\"SHIPPOX\",\"description\":\"Discover Peakport.de for top automotive accessories, home essentials, and DIY tools. Get exclusive discounts, multi-buy offers, and enjoy free shipping across Germany. Shop with confidence through secure checkout, a 30-day return policy, and loyalty rewards on trusted brands.\",\"url\":\"https:\\\/\\\/shippox.com\\\/en\\\/\",\"telephone\":\"+4953616554406\",\"logo\":{\"@type\":\"ImageObject\",\"url\":\"https:\\\/\\\/shippox.com\\\/wp-content\\\/uploads\\\/2025\\\/03\\\/cropped-Logo_weiss_web.png\",\"@id\":\"https:\\\/\\\/shippox.com\\\/en\\\/product\\\/px180\\\/#organizationLogo\",\"width\":2558,\"height\":599},\"image\":{\"@id\":\"https:\\\/\\\/shippox.com\\\/en\\\/product\\\/px180\\\/#organizationLogo\"}},{\"@type\":\"Product\",\"@id\":\"https:\\\/\\\/shippox.com\\\/en\\\/product\\\/px180\\\/#wooCommerceProduct\",\"name\":\"Plattformwaage 180\\u202fkg \\u2013 Modell PX180\",\"url\":\"https:\\\/\\\/shippox.com\\\/en\\\/product\\\/px180\\\/\",\"sku\":\"VSPX180\",\"image\":{\"@type\":\"ImageObject\",\"url\":\"https:\\\/\\\/shippox.com\\\/wp-content\\\/uploads\\\/2025\\\/04\\\/1.jpg\",\"@id\":\"https:\\\/\\\/shippox.com\\\/en\\\/product\\\/px180\\\/#productImage\",\"width\":2000,\"height\":2000},\"offers\":{\"@type\":\"Offer\",\"url\":\"https:\\\/\\\/shippox.com\\\/en\\\/product\\\/px180\\\/#wooCommerceOffer\",\"price\":49.9,\"priceCurrency\":\"EUR\",\"category\":\"Elektronik\",\"availability\":\"https:\\\/\\\/schema.org\\\/InStock\",\"priceSpecification\":{\"@type\":\"PriceSpecification\",\"price\":49.9,\"priceCurrency\":\"EUR\",\"valueAddedTaxIncluded\":\"true\"},\"seller\":{\"@type\":\"Organization\",\"@id\":\"https:\\\/\\\/shippox.com\\\/en\\\/#organization\"}}},{\"@type\":\"WebPage\",\"@id\":\"https:\\\/\\\/shippox.com\\\/en\\\/product\\\/px180\\\/#webpage\",\"url\":\"https:\\\/\\\/shippox.com\\\/en\\\/product\\\/px180\\\/\",\"name\":\"Plattformwaage 180 kg \\u2013 Modell PX180 - SHIPPOX.com\",\"description\":\"Die PX180 ist eine kompakte, digitale Plattformwaage mit 180 kg Tragkraft. Ideal f\\u00fcr Lager, Versand und Industrie. Jetzt bei Shippox bestellen!\",\"inLanguage\":\"en-US\",\"isPartOf\":{\"@id\":\"https:\\\/\\\/shippox.com\\\/en\\\/#website\"},\"breadcrumb\":{\"@id\":\"https:\\\/\\\/shippox.com\\\/en\\\/product\\\/px180\\\/#breadcrumblist\"},\"image\":{\"@type\":\"ImageObject\",\"url\":\"https:\\\/\\\/shippox.com\\\/wp-content\\\/uploads\\\/2025\\\/04\\\/1.jpg\",\"@id\":\"https:\\\/\\\/shippox.com\\\/en\\\/product\\\/px180\\\/#mainImage\",\"width\":2000,\"height\":2000},\"primaryImageOfPage\":{\"@id\":\"https:\\\/\\\/shippox.com\\\/en\\\/product\\\/px180\\\/#mainImage\"},\"datePublished\":\"2025-04-05T16:41:54+02:00\",\"dateModified\":\"2026-02-16T20:45:58+01:00\"},{\"@type\":\"WebSite\",\"@id\":\"https:\\\/\\\/shippox.com\\\/en\\\/#website\",\"url\":\"https:\\\/\\\/shippox.com\\\/en\\\/\",\"name\":\"PEAKPORT\",\"inLanguage\":\"en-US\",\"publisher\":{\"@id\":\"https:\\\/\\\/shippox.com\\\/en\\\/#organization\"}}]}\n\t\t<\/script>\n\t\t<!-- All in One SEO Pro -->\r\n\t\t<title>Plattformwaage 180 kg \u2013 Modell PX180 - SHIPPOX.com<\/title>\n\n","aioseo_head_json":{"title":"Plattformwaage 180 kg \u2013 Modell PX180 - SHIPPOX.com","description":"Die PX180 ist eine kompakte, digitale Plattformwaage mit 180 kg Tragkraft. Ideal f\u00fcr Lager, Versand und Industrie. Jetzt bei Shippox bestellen!","canonical_url":"https:\/\/shippox.com\/en\/product\/px180\/","robots":"max-image-preview:large","keywords":"","webmasterTools":{"google-site-verification":"u1q7B9Nr19U5bJ_Yf1yOaxUbOB7UxhRG2TpBwMh3pdQ","miscellaneous":""},"schema":{"@context":"https:\/\/schema.org","@graph":[{"@type":"BreadcrumbList","@id":"https:\/\/shippox.com\/en\/product\/px180\/#breadcrumblist","itemListElement":[{"@type":"ListItem","@id":"https:\/\/shippox.com\/en#listItem","position":1,"name":"Zu Hause","item":"https:\/\/shippox.com\/en","nextItem":{"@type":"ListItem","@id":"https:\/\/shippox.com\/en\/store\/#listItem","name":"Shop"}},{"@type":"ListItem","@id":"https:\/\/shippox.com\/en\/store\/#listItem","position":2,"name":"Shop","item":"https:\/\/shippox.com\/en\/store\/","nextItem":{"@type":"ListItem","@id":"https:\/\/shippox.com\/en\/product-category\/electronics\/#listItem","name":"Elektronik"},"previousItem":{"@type":"ListItem","@id":"https:\/\/shippox.com\/en#listItem","name":"Zu Hause"}},{"@type":"ListItem","@id":"https:\/\/shippox.com\/en\/product-category\/electronics\/#listItem","position":3,"name":"Elektronik","item":"https:\/\/shippox.com\/en\/product-category\/electronics\/","nextItem":{"@type":"ListItem","@id":"https:\/\/shippox.com\/en\/product-category\/electronics\/platform-scales\/#listItem","name":"Plattformwaagen"},"previousItem":{"@type":"ListItem","@id":"https:\/\/shippox.com\/en\/store\/#listItem","name":"Shop"}},{"@type":"ListItem","@id":"https:\/\/shippox.com\/en\/product-category\/electronics\/platform-scales\/#listItem","position":4,"name":"Plattformwaagen","item":"https:\/\/shippox.com\/en\/product-category\/electronics\/platform-scales\/","nextItem":{"@type":"ListItem","@id":"https:\/\/shippox.com\/en\/product\/px180\/#listItem","name":"Plattformwaage 180\u202fkg \u2013 Modell PX180"},"previousItem":{"@type":"ListItem","@id":"https:\/\/shippox.com\/en\/product-category\/electronics\/#listItem","name":"Elektronik"}},{"@type":"ListItem","@id":"https:\/\/shippox.com\/en\/product\/px180\/#listItem","position":5,"name":"Plattformwaage 180\u202fkg \u2013 Modell PX180","previousItem":{"@type":"ListItem","@id":"https:\/\/shippox.com\/en\/product-category\/electronics\/platform-scales\/#listItem","name":"Plattformwaagen"}}]},{"@type":"Organization","@id":"https:\/\/shippox.com\/en\/#organization","name":"SHIPPOX","description":"Discover Peakport.de for top automotive accessories, home essentials, and DIY tools. Get exclusive discounts, multi-buy offers, and enjoy free shipping across Germany. Shop with confidence through secure checkout, a 30-day return policy, and loyalty rewards on trusted brands.","url":"https:\/\/shippox.com\/en\/","telephone":"+4953616554406","logo":{"@type":"ImageObject","url":"https:\/\/shippox.com\/wp-content\/uploads\/2025\/03\/cropped-Logo_weiss_web.png","@id":"https:\/\/shippox.com\/en\/product\/px180\/#organizationLogo","width":2558,"height":599},"image":{"@id":"https:\/\/shippox.com\/en\/product\/px180\/#organizationLogo"}},{"@type":"Product","@id":"https:\/\/shippox.com\/en\/product\/px180\/#wooCommerceProduct","name":"Plattformwaage 180\u202fkg \u2013 Modell PX180","url":"https:\/\/shippox.com\/en\/product\/px180\/","sku":"VSPX180","image":{"@type":"ImageObject","url":"https:\/\/shippox.com\/wp-content\/uploads\/2025\/04\/1.jpg","@id":"https:\/\/shippox.com\/en\/product\/px180\/#productImage","width":2000,"height":2000},"offers":{"@type":"Offer","url":"https:\/\/shippox.com\/en\/product\/px180\/#wooCommerceOffer","price":49.9,"priceCurrency":"EUR","category":"Elektronik","availability":"https:\/\/schema.org\/InStock","priceSpecification":{"@type":"PriceSpecification","price":49.9,"priceCurrency":"EUR","valueAddedTaxIncluded":"true"},"seller":{"@type":"Organization","@id":"https:\/\/shippox.com\/en\/#organization"}}},{"@type":"WebPage","@id":"https:\/\/shippox.com\/en\/product\/px180\/#webpage","url":"https:\/\/shippox.com\/en\/product\/px180\/","name":"Plattformwaage 180 kg \u2013 Modell PX180 - SHIPPOX.com","description":"Die PX180 ist eine kompakte, digitale Plattformwaage mit 180 kg Tragkraft. Ideal f\u00fcr Lager, Versand und Industrie. Jetzt bei Shippox bestellen!","inLanguage":"en-US","isPartOf":{"@id":"https:\/\/shippox.com\/en\/#website"},"breadcrumb":{"@id":"https:\/\/shippox.com\/en\/product\/px180\/#breadcrumblist"},"image":{"@type":"ImageObject","url":"https:\/\/shippox.com\/wp-content\/uploads\/2025\/04\/1.jpg","@id":"https:\/\/shippox.com\/en\/product\/px180\/#mainImage","width":2000,"height":2000},"primaryImageOfPage":{"@id":"https:\/\/shippox.com\/en\/product\/px180\/#mainImage"},"datePublished":"2025-04-05T16:41:54+02:00","dateModified":"2026-02-16T20:45:58+01:00"},{"@type":"WebSite","@id":"https:\/\/shippox.com\/en\/#website","url":"https:\/\/shippox.com\/en\/","name":"PEAKPORT","inLanguage":"en-US","publisher":{"@id":"https:\/\/shippox.com\/en\/#organization"}}]},"og:locale":"en_US","og:site_name":"SHIPPOX.com -","og:type":"article","og:title":"Plattformwaage 180 kg \u2013 Modell PX180 - SHIPPOX.com","og:description":"Die PX180 ist eine kompakte, digitale Plattformwaage mit 180 kg Tragkraft. Ideal f\u00fcr Lager, Versand und Industrie. Jetzt bei Shippox bestellen!","og:url":"https:\/\/shippox.com\/en\/product\/px180\/","og:image":"https:\/\/shippox.com\/wp-content\/uploads\/2025\/03\/cropped-Logo_weiss_web.png","og:image:secure_url":"https:\/\/shippox.com\/wp-content\/uploads\/2025\/03\/cropped-Logo_weiss_web.png","article:published_time":"2025-04-05T14:41:54+00:00","article:modified_time":"2026-02-16T19:45:58+00:00","twitter:card":"summary_large_image","twitter:title":"Plattformwaage 180 kg \u2013 Modell PX180 - SHIPPOX.com","twitter:description":"Die PX180 ist eine kompakte, digitale Plattformwaage mit 180 kg Tragkraft. Ideal f\u00fcr Lager, Versand und Industrie. Jetzt bei Shippox bestellen!","twitter:image":"https:\/\/shippox.com\/wp-content\/uploads\/2025\/03\/cropped-Logo_weiss_web.png"},"aioseo_meta_data":{"post_id":"10200","title":null,"description":"Die PX180 ist eine kompakte, digitale Plattformwaage mit 180\u202fkg Tragkraft. Ideal f\u00fcr Lager, Versand und Industrie. Jetzt bei Shippox bestellen!","keywords":null,"keyphrases":{"focus":{"keyphrase":"PX180","score":100,"analysis":{"keyphraseInTitle":{"score":9,"maxScore":9,"error":0},"keyphraseInDescription":{"score":9,"maxScore":9,"error":0},"keyphraseLength":{"score":9,"maxScore":9,"error":0,"length":1},"keyphraseInURL":{"score":5,"maxScore":5,"error":0},"keyphraseInIntroduction":{"score":9,"maxScore":9,"error":0},"keyphraseInSubHeadings":{"score":9,"maxScore":9,"error":0},"keyphraseInImageAlt":[],"keywordDensity":{"type":"best","score":9,"maxScore":9,"error":0}}},"additional":[]},"primary_term":null,"canonical_url":null,"og_title":null,"og_description":null,"og_object_type":"default","og_image_type":"default","og_image_url":null,"og_image_width":null,"og_image_height":null,"og_image_custom_url":null,"og_image_custom_fields":null,"og_video":"","og_custom_url":null,"og_article_section":null,"og_article_tags":null,"twitter_use_og":false,"twitter_card":"default","twitter_image_type":"default","twitter_image_url":null,"twitter_image_custom_url":null,"twitter_image_custom_fields":null,"twitter_title":null,"twitter_description":null,"schema":{"blockGraphs":[],"customGraphs":[],"default":{"data":{"Article":[],"Course":[],"Dataset":[],"FAQPage":[],"Movie":[],"Person":[],"Product":[],"ProductReview":[],"Car":[],"Recipe":[],"Service":[],"SoftwareApplication":[],"WebPage":[]},"graphName":"Product","isEnabled":true},"graphs":[]},"schema_type":"default","schema_type_options":null,"pillar_content":false,"robots_default":true,"robots_noindex":false,"robots_noarchive":false,"robots_nosnippet":false,"robots_nofollow":false,"robots_noimageindex":false,"robots_noodp":false,"robots_notranslate":false,"robots_max_snippet":"-1","robots_max_videopreview":"-1","robots_max_imagepreview":"large","priority":null,"frequency":"default","local_seo":null,"seo_analyzer_scan_date":"2026-01-28 12:52:39","breadcrumb_settings":null,"limit_modified_date":false,"ai":null,"created":"2025-04-05 14:41:54","updated":"2026-02-16 19:53:52"},"aioseo_breadcrumb":"<div class=\"aioseo-breadcrumbs\"><span class=\"aioseo-breadcrumb\">\n\t<a href=\"https:\/\/shippox.com\/en\" title=\"Zu Hause\">Zu Hause<\/a>\n<\/span><span class=\"aioseo-breadcrumb-separator\">&raquo;<\/span><span class=\"aioseo-breadcrumb\">\n\t<a href=\"https:\/\/shippox.com\/en\/store\/\" title=\"Shop\">Shop<\/a>\n<\/span><span class=\"aioseo-breadcrumb-separator\">&raquo;<\/span><span class=\"aioseo-breadcrumb\">\n\t<a href=\"https:\/\/shippox.com\/en\/product-category\/electronics\/\" title=\"Elektronik\">Elektronik<\/a>\n<\/span><span class=\"aioseo-breadcrumb-separator\">&raquo;<\/span><span class=\"aioseo-breadcrumb\">\n\t<a href=\"https:\/\/shippox.com\/en\/product-category\/electronics\/platform-scales\/\" title=\"Plattformwaagen\">Plattformwaagen<\/a>\n<\/span><span class=\"aioseo-breadcrumb-separator\">&raquo;<\/span><span class=\"aioseo-breadcrumb\">\n\tPlattformwaage 180\u202fkg \u2013 Modell PX180\n<\/span><\/div>","aioseo_breadcrumb_json":[{"label":"Zu Hause","link":"https:\/\/shippox.com\/en"},{"label":"Shop","link":"https:\/\/shippox.com\/en\/store\/"},{"label":"Elektronik","link":"https:\/\/shippox.com\/en\/product-category\/electronics\/"},{"label":"Plattformwaagen","link":"https:\/\/shippox.com\/en\/product-category\/electronics\/platform-scales\/"},{"label":"Plattformwaage 180\u202fkg \u2013 Modell PX180","link":"https:\/\/shippox.com\/en\/product\/px180\/"}],"_links":{"self":[{"href":"https:\/\/shippox.com\/en\/wp-json\/wp\/v2\/product\/10200","targetHints":{"allow":["GET"]}}],"collection":[{"href":"https:\/\/shippox.com\/en\/wp-json\/wp\/v2\/product"}],"about":[{"href":"https:\/\/shippox.com\/en\/wp-json\/wp\/v2\/types\/product"}],"replies":[{"embeddable":true,"href":"https:\/\/shippox.com\/en\/wp-json\/wp\/v2\/comments?post=10200"}],"wp:featuredmedia":[{"embeddable":true,"href":"https:\/\/shippox.com\/en\/wp-json\/wp\/v2\/media\/10201"}],"wp:attachment":[{"href":"https:\/\/shippox.com\/en\/wp-json\/wp\/v2\/media?parent=10200"}],"wp:term":[{"taxonomy":"product_brand","embeddable":true,"href":"https:\/\/shippox.com\/en\/wp-json\/wp\/v2\/product_brand?post=10200"},{"taxonomy":"product_cat","embeddable":true,"href":"https:\/\/shippox.com\/en\/wp-json\/wp\/v2\/product_cat?post=10200"},{"taxonomy":"product_tag","embeddable":true,"href":"https:\/\/shippox.com\/en\/wp-json\/wp\/v2\/product_tag?post=10200"}],"curies":[{"name":"wp","href":"https:\/\/api.w.org\/{rel}","templated":true}]}}