{"id":10138,"date":"2025-03-19T09:53:46","date_gmt":"2025-03-19T08:53:46","guid":{"rendered":"https:\/\/shippox.com\/?post_type=product&#038;p=10138"},"modified":"2026-02-09T13:12:25","modified_gmt":"2026-02-09T12:12:25","slug":"luftpolsterkissen-shippoxbubble-large-40-x-25-cm-x-300-m-hdpe","status":"publish","type":"product","link":"https:\/\/shippox.com\/en\/product\/air-cushion-shippoxbubble-large-40-x-25-cm-x-300-m-hdpe\/","title":{"rendered":"Bubble cushion ShippoXbubble Large 40 x 25 cm x 300 m HDPE"},"content":{"rendered":"<h3><strong>Air cushion film for air cushion machines (HDPE)<\/strong><\/h3>\n<ul>\n<li><strong>Material:<\/strong> <strong>HDPE (high-density polyethylene)<\/strong> - Particularly durable and tear-resistant<\/li>\n<li><strong>Dimensions:<\/strong> 40 \u00d7 25 cm<\/li>\n<li><strong>Perforation:<\/strong> every 25 cm<\/li>\n<li><strong>Length:<\/strong> 300 m per roll<\/li>\n<li><strong>Strength:<\/strong> 18 \u00b5m<\/li>\n<li><strong>Filled:\u00a0<\/strong>34 x 25cm<\/li>\n<li><strong>Bubble size filled: <\/strong>3,5cm<\/li>\n<\/ul>\n<h4><strong>Properties &amp; use:<\/strong><\/h4>\n<p>These <strong>High-quality HDPE air cushion film<\/strong> is ideal for the <strong>Cavity filling, padding, wrapping or as an intermediate layer<\/strong>.<\/p>\n<p>Thanks to the hard-wearing HDPE material, it offers high <strong>Tear resistance<\/strong> and protection for sensitive products.<\/p>\n<p>The film rolls are <strong>pre-perforated<\/strong>so that the individual cushions can be easily separated.<\/p>","protected":false},"excerpt":{"rendered":"<p>Luftkissenfolie f\u00fcr Luftkissenmaschinen (HDPE) Material: HDPE (High-Density Polyethylen) \u2013 besonders widerstandsf\u00e4hig und rei\u00dffest Ma\u00dfe: 40 \u00d7 25 cm Perforation: alle 25 cm L\u00e4nge: 300 m pro Rolle St\u00e4rke: 18 \u00b5m Gef\u00fcllt:\u00a034 x 25cm Blasengr\u00f6\u00dfe gef\u00fcllt: 3,5cm Eigenschaften &amp; Verwendung: Diese hochwertige HDPE-Luftkissenfolie eignet sich ideal f\u00fcr die Hohlraumausf\u00fcllung, Polsterung, Umwicklung oder als Zwischenlage. Dank des [&hellip;]<\/p>","protected":false},"featured_media":10139,"comment_status":"open","ping_status":"closed","template":"","meta":{"_monsterinsights_skip_tracking":false,"_monsterinsights_sitenote_active":false,"_monsterinsights_sitenote_note":"","_monsterinsights_sitenote_category":0,"_uf_show_specific_survey":0,"_uf_disable_surveys":false},"product_brand":[],"product_cat":[479,481,483],"product_tag":[],"class_list":{"0":"post-10138","1":"product","2":"type-product","3":"status-publish","4":"has-post-thumbnail","6":"product_cat-verpackungsmaterial","7":"product_cat-luftpolsterfolie","8":"product_cat-unbefuellt","9":"product_shipping_class-dhl-paket","11":"first","12":"outofstock","13":"sale","14":"taxable","15":"shipping-taxable","16":"purchasable","17":"product-type-simple"},"aioseo_notices":[],"aioseo_head":"\n\t\t<!-- All in One SEO Pro 4.9.0 - aioseo.com -->\n\t<meta name=\"description\" content=\"Luftkissenfolie f\u00fcr Luftkissenmaschinen (HDPE) Material: HDPE (High-Density Polyethylen) \u2013 besonders widerstandsf\u00e4hig und rei\u00dffest Ma\u00dfe: 40 \u00d7 25 cm Perforation: alle 25 cm L\u00e4nge: 300 m pro Rolle St\u00e4rke: 18 \u00b5m Gef\u00fcllt: 34 x 25cm Blasengr\u00f6\u00dfe gef\u00fcllt: 3,5cm Eigenschaften &amp; Verwendung: Diese hochwertige HDPE-Luftkissenfolie eignet sich ideal f\u00fcr die Hohlraumausf\u00fcllung, Polsterung, Umwicklung oder als Zwischenlage. Dank des\" \/>\n\t<meta name=\"robots\" content=\"max-image-preview:large\" \/>\n\t<meta name=\"google-site-verification\" content=\"u1q7B9Nr19U5bJ_Yf1yOaxUbOB7UxhRG2TpBwMh3pdQ\" \/>\n\t<link rel=\"canonical\" href=\"https:\/\/shippox.com\/en\/product\/air-cushion-shippoxbubble-large-40-x-25-cm-x-300-m-hdpe\/\" \/>\n\t<meta name=\"generator\" content=\"All in One SEO Pro (AIOSEO) 4.9.0\" \/>\n\t\t<meta property=\"og:locale\" content=\"en_US\" \/>\n\t\t<meta property=\"og:site_name\" content=\"SHIPPOX.com -\" \/>\n\t\t<meta property=\"og:type\" content=\"article\" \/>\n\t\t<meta property=\"og:title\" content=\"Luftpolsterkissen ShippoXbubble Large 40 x 25 cm x 300 m HDPE - SHIPPOX.com\" \/>\n\t\t<meta property=\"og:description\" content=\"Luftkissenfolie f\u00fcr Luftkissenmaschinen (HDPE) Material: HDPE (High-Density Polyethylen) \u2013 besonders widerstandsf\u00e4hig und rei\u00dffest Ma\u00dfe: 40 \u00d7 25 cm Perforation: alle 25 cm L\u00e4nge: 300 m pro Rolle St\u00e4rke: 18 \u00b5m Gef\u00fcllt: 34 x 25cm Blasengr\u00f6\u00dfe gef\u00fcllt: 3,5cm Eigenschaften &amp; Verwendung: Diese hochwertige HDPE-Luftkissenfolie eignet sich ideal f\u00fcr die Hohlraumausf\u00fcllung, Polsterung, Umwicklung oder als Zwischenlage. Dank des\" \/>\n\t\t<meta property=\"og:url\" content=\"https:\/\/shippox.com\/en\/product\/air-cushion-shippoxbubble-large-40-x-25-cm-x-300-m-hdpe\/\" \/>\n\t\t<meta property=\"og:image\" content=\"https:\/\/shippox.com\/wp-content\/uploads\/2025\/03\/cropped-Logo_weiss_web.png\" \/>\n\t\t<meta property=\"og:image:secure_url\" content=\"https:\/\/shippox.com\/wp-content\/uploads\/2025\/03\/cropped-Logo_weiss_web.png\" \/>\n\t\t<meta property=\"article:published_time\" content=\"2025-03-19T08:53:46+00:00\" \/>\n\t\t<meta property=\"article:modified_time\" content=\"2026-02-09T12:12:25+00:00\" \/>\n\t\t<meta name=\"twitter:card\" content=\"summary_large_image\" \/>\n\t\t<meta name=\"twitter:title\" content=\"Luftpolsterkissen ShippoXbubble Large 40 x 25 cm x 300 m HDPE - SHIPPOX.com\" \/>\n\t\t<meta name=\"twitter:description\" content=\"Luftkissenfolie f\u00fcr Luftkissenmaschinen (HDPE) Material: HDPE (High-Density Polyethylen) \u2013 besonders widerstandsf\u00e4hig und rei\u00dffest Ma\u00dfe: 40 \u00d7 25 cm Perforation: alle 25 cm L\u00e4nge: 300 m pro Rolle St\u00e4rke: 18 \u00b5m Gef\u00fcllt: 34 x 25cm Blasengr\u00f6\u00dfe gef\u00fcllt: 3,5cm Eigenschaften &amp; Verwendung: Diese hochwertige HDPE-Luftkissenfolie eignet sich ideal f\u00fcr die Hohlraumausf\u00fcllung, Polsterung, Umwicklung oder als Zwischenlage. Dank des\" \/>\n\t\t<meta name=\"twitter:image\" content=\"https:\/\/shippox.com\/wp-content\/uploads\/2025\/03\/cropped-Logo_weiss_web.png\" \/>\n\t\t<script type=\"application\/ld+json\" class=\"aioseo-schema\">\n\t\t\t{\"@context\":\"https:\\\/\\\/schema.org\",\"@graph\":[{\"@type\":\"BreadcrumbList\",\"@id\":\"https:\\\/\\\/shippox.com\\\/en\\\/product\\\/air-cushion-shippoxbubble-large-40-x-25-cm-x-300-m-hdpe\\\/#breadcrumblist\",\"itemListElement\":[{\"@type\":\"ListItem\",\"@id\":\"https:\\\/\\\/shippox.com\\\/en#listItem\",\"position\":1,\"name\":\"Zu Hause\",\"item\":\"https:\\\/\\\/shippox.com\\\/en\",\"nextItem\":{\"@type\":\"ListItem\",\"@id\":\"https:\\\/\\\/shippox.com\\\/en\\\/store\\\/#listItem\",\"name\":\"Shop\"}},{\"@type\":\"ListItem\",\"@id\":\"https:\\\/\\\/shippox.com\\\/en\\\/store\\\/#listItem\",\"position\":2,\"name\":\"Shop\",\"item\":\"https:\\\/\\\/shippox.com\\\/en\\\/store\\\/\",\"nextItem\":{\"@type\":\"ListItem\",\"@id\":\"https:\\\/\\\/shippox.com\\\/en\\\/product-category\\\/packaging-material\\\/#listItem\",\"name\":\"Verpackungsmaterial\"},\"previousItem\":{\"@type\":\"ListItem\",\"@id\":\"https:\\\/\\\/shippox.com\\\/en#listItem\",\"name\":\"Zu Hause\"}},{\"@type\":\"ListItem\",\"@id\":\"https:\\\/\\\/shippox.com\\\/en\\\/product-category\\\/packaging-material\\\/#listItem\",\"position\":3,\"name\":\"Verpackungsmaterial\",\"item\":\"https:\\\/\\\/shippox.com\\\/en\\\/product-category\\\/packaging-material\\\/\",\"nextItem\":{\"@type\":\"ListItem\",\"@id\":\"https:\\\/\\\/shippox.com\\\/en\\\/product-category\\\/packaging-material\\\/bubble-wrap\\\/#listItem\",\"name\":\"Luftpolsterfolie\"},\"previousItem\":{\"@type\":\"ListItem\",\"@id\":\"https:\\\/\\\/shippox.com\\\/en\\\/store\\\/#listItem\",\"name\":\"Shop\"}},{\"@type\":\"ListItem\",\"@id\":\"https:\\\/\\\/shippox.com\\\/en\\\/product-category\\\/packaging-material\\\/bubble-wrap\\\/#listItem\",\"position\":4,\"name\":\"Luftpolsterfolie\",\"item\":\"https:\\\/\\\/shippox.com\\\/en\\\/product-category\\\/packaging-material\\\/bubble-wrap\\\/\",\"nextItem\":{\"@type\":\"ListItem\",\"@id\":\"https:\\\/\\\/shippox.com\\\/en\\\/product-category\\\/packaging-material\\\/bubble-wrap\\\/unfilled\\\/#listItem\",\"name\":\"Unbef\\u00fcllt\"},\"previousItem\":{\"@type\":\"ListItem\",\"@id\":\"https:\\\/\\\/shippox.com\\\/en\\\/product-category\\\/packaging-material\\\/#listItem\",\"name\":\"Verpackungsmaterial\"}},{\"@type\":\"ListItem\",\"@id\":\"https:\\\/\\\/shippox.com\\\/en\\\/product-category\\\/packaging-material\\\/bubble-wrap\\\/unfilled\\\/#listItem\",\"position\":5,\"name\":\"Unbef\\u00fcllt\",\"item\":\"https:\\\/\\\/shippox.com\\\/en\\\/product-category\\\/packaging-material\\\/bubble-wrap\\\/unfilled\\\/\",\"nextItem\":{\"@type\":\"ListItem\",\"@id\":\"https:\\\/\\\/shippox.com\\\/en\\\/product\\\/air-cushion-shippoxbubble-large-40-x-25-cm-x-300-m-hdpe\\\/#listItem\",\"name\":\"Luftpolsterkissen ShippoXbubble Large 40 x 25 cm x 300 m HDPE\"},\"previousItem\":{\"@type\":\"ListItem\",\"@id\":\"https:\\\/\\\/shippox.com\\\/en\\\/product-category\\\/packaging-material\\\/bubble-wrap\\\/#listItem\",\"name\":\"Luftpolsterfolie\"}},{\"@type\":\"ListItem\",\"@id\":\"https:\\\/\\\/shippox.com\\\/en\\\/product\\\/air-cushion-shippoxbubble-large-40-x-25-cm-x-300-m-hdpe\\\/#listItem\",\"position\":6,\"name\":\"Luftpolsterkissen ShippoXbubble Large 40 x 25 cm x 300 m HDPE\",\"previousItem\":{\"@type\":\"ListItem\",\"@id\":\"https:\\\/\\\/shippox.com\\\/en\\\/product-category\\\/packaging-material\\\/bubble-wrap\\\/unfilled\\\/#listItem\",\"name\":\"Unbef\\u00fcllt\"}}]},{\"@type\":\"Organization\",\"@id\":\"https:\\\/\\\/shippox.com\\\/en\\\/#organization\",\"name\":\"SHIPPOX\",\"description\":\"Discover Peakport.de for top automotive accessories, home essentials, and DIY tools. Get exclusive discounts, multi-buy offers, and enjoy free shipping across Germany. Shop with confidence through secure checkout, a 30-day return policy, and loyalty rewards on trusted brands.\",\"url\":\"https:\\\/\\\/shippox.com\\\/en\\\/\",\"telephone\":\"+4953616554406\",\"logo\":{\"@type\":\"ImageObject\",\"url\":\"https:\\\/\\\/shippox.com\\\/wp-content\\\/uploads\\\/2025\\\/03\\\/cropped-Logo_weiss_web.png\",\"@id\":\"https:\\\/\\\/shippox.com\\\/en\\\/product\\\/air-cushion-shippoxbubble-large-40-x-25-cm-x-300-m-hdpe\\\/#organizationLogo\",\"width\":2558,\"height\":599},\"image\":{\"@id\":\"https:\\\/\\\/shippox.com\\\/en\\\/product\\\/air-cushion-shippoxbubble-large-40-x-25-cm-x-300-m-hdpe\\\/#organizationLogo\"}},{\"@type\":\"Product\",\"@id\":\"https:\\\/\\\/shippox.com\\\/en\\\/product\\\/air-cushion-shippoxbubble-large-40-x-25-cm-x-300-m-hdpe\\\/#wooCommerceProduct\",\"name\":\"Luftpolsterkissen ShippoXbubble Large 40 x 25 cm x 300 m HDPE\",\"url\":\"https:\\\/\\\/shippox.com\\\/en\\\/product\\\/air-cushion-shippoxbubble-large-40-x-25-cm-x-300-m-hdpe\\\/\",\"sku\":\"LPPE300L\",\"image\":{\"@type\":\"ImageObject\",\"url\":\"https:\\\/\\\/shippox.com\\\/wp-content\\\/uploads\\\/2025\\\/03\\\/largeb.jpg\",\"@id\":\"https:\\\/\\\/shippox.com\\\/en\\\/product\\\/air-cushion-shippoxbubble-large-40-x-25-cm-x-300-m-hdpe\\\/#productImage\",\"width\":2000,\"height\":2000},\"offers\":{\"@type\":\"Offer\",\"url\":\"https:\\\/\\\/shippox.com\\\/en\\\/product\\\/air-cushion-shippoxbubble-large-40-x-25-cm-x-300-m-hdpe\\\/#wooCommerceOffer\",\"price\":33.9,\"priceCurrency\":\"EUR\",\"category\":\"Luftpolsterfolie\",\"availability\":\"https:\\\/\\\/schema.org\\\/OutOfStock\",\"priceSpecification\":{\"@type\":\"PriceSpecification\",\"price\":33.9,\"priceCurrency\":\"EUR\",\"valueAddedTaxIncluded\":\"true\"},\"seller\":{\"@type\":\"Organization\",\"@id\":\"https:\\\/\\\/shippox.com\\\/en\\\/#organization\"}}},{\"@type\":\"WebPage\",\"@id\":\"https:\\\/\\\/shippox.com\\\/en\\\/product\\\/air-cushion-shippoxbubble-large-40-x-25-cm-x-300-m-hdpe\\\/#webpage\",\"url\":\"https:\\\/\\\/shippox.com\\\/en\\\/product\\\/air-cushion-shippoxbubble-large-40-x-25-cm-x-300-m-hdpe\\\/\",\"name\":\"Luftpolsterkissen ShippoXbubble Large 40 x 25 cm x 300 m HDPE - SHIPPOX.com\",\"description\":\"Luftkissenfolie f\\u00fcr Luftkissenmaschinen (HDPE) Material: HDPE (High-Density Polyethylen) \\u2013 besonders widerstandsf\\u00e4hig und rei\\u00dffest Ma\\u00dfe: 40 \\u00d7 25 cm Perforation: alle 25 cm L\\u00e4nge: 300 m pro Rolle St\\u00e4rke: 18 \\u00b5m Gef\\u00fcllt: 34 x 25cm Blasengr\\u00f6\\u00dfe gef\\u00fcllt: 3,5cm Eigenschaften & Verwendung: Diese hochwertige HDPE-Luftkissenfolie eignet sich ideal f\\u00fcr die Hohlraumausf\\u00fcllung, Polsterung, Umwicklung oder als Zwischenlage. Dank des\",\"inLanguage\":\"en-US\",\"isPartOf\":{\"@id\":\"https:\\\/\\\/shippox.com\\\/en\\\/#website\"},\"breadcrumb\":{\"@id\":\"https:\\\/\\\/shippox.com\\\/en\\\/product\\\/air-cushion-shippoxbubble-large-40-x-25-cm-x-300-m-hdpe\\\/#breadcrumblist\"},\"image\":{\"@type\":\"ImageObject\",\"url\":\"https:\\\/\\\/shippox.com\\\/wp-content\\\/uploads\\\/2025\\\/03\\\/largeb.jpg\",\"@id\":\"https:\\\/\\\/shippox.com\\\/en\\\/product\\\/air-cushion-shippoxbubble-large-40-x-25-cm-x-300-m-hdpe\\\/#mainImage\",\"width\":2000,\"height\":2000},\"primaryImageOfPage\":{\"@id\":\"https:\\\/\\\/shippox.com\\\/en\\\/product\\\/air-cushion-shippoxbubble-large-40-x-25-cm-x-300-m-hdpe\\\/#mainImage\"},\"datePublished\":\"2025-03-19T09:53:46+01:00\",\"dateModified\":\"2026-02-09T13:12:25+01:00\"},{\"@type\":\"WebSite\",\"@id\":\"https:\\\/\\\/shippox.com\\\/en\\\/#website\",\"url\":\"https:\\\/\\\/shippox.com\\\/en\\\/\",\"name\":\"PEAKPORT\",\"inLanguage\":\"en-US\",\"publisher\":{\"@id\":\"https:\\\/\\\/shippox.com\\\/en\\\/#organization\"}}]}\n\t\t<\/script>\n\t\t<!-- All in One SEO Pro -->\r\n\t\t<title>Luftpolsterkissen ShippoXbubble Large 40 x 25 cm x 300 m HDPE - SHIPPOX.com<\/title>\n\n","aioseo_head_json":{"title":"Luftpolsterkissen ShippoXbubble Large 40 x 25 cm x 300 m HDPE - SHIPPOX.com","description":"Luftkissenfolie f\u00fcr Luftkissenmaschinen (HDPE) Material: HDPE (High-Density Polyethylen) \u2013 besonders widerstandsf\u00e4hig und rei\u00dffest Ma\u00dfe: 40 \u00d7 25 cm Perforation: alle 25 cm L\u00e4nge: 300 m pro Rolle St\u00e4rke: 18 \u00b5m Gef\u00fcllt: 34 x 25cm Blasengr\u00f6\u00dfe gef\u00fcllt: 3,5cm Eigenschaften & Verwendung: Diese hochwertige HDPE-Luftkissenfolie eignet sich ideal f\u00fcr die Hohlraumausf\u00fcllung, Polsterung, Umwicklung oder als Zwischenlage. Dank des","canonical_url":"https:\/\/shippox.com\/en\/product\/air-cushion-shippoxbubble-large-40-x-25-cm-x-300-m-hdpe\/","robots":"max-image-preview:large","keywords":"","webmasterTools":{"google-site-verification":"u1q7B9Nr19U5bJ_Yf1yOaxUbOB7UxhRG2TpBwMh3pdQ","miscellaneous":""},"schema":{"@context":"https:\/\/schema.org","@graph":[{"@type":"BreadcrumbList","@id":"https:\/\/shippox.com\/en\/product\/air-cushion-shippoxbubble-large-40-x-25-cm-x-300-m-hdpe\/#breadcrumblist","itemListElement":[{"@type":"ListItem","@id":"https:\/\/shippox.com\/en#listItem","position":1,"name":"Zu Hause","item":"https:\/\/shippox.com\/en","nextItem":{"@type":"ListItem","@id":"https:\/\/shippox.com\/en\/store\/#listItem","name":"Shop"}},{"@type":"ListItem","@id":"https:\/\/shippox.com\/en\/store\/#listItem","position":2,"name":"Shop","item":"https:\/\/shippox.com\/en\/store\/","nextItem":{"@type":"ListItem","@id":"https:\/\/shippox.com\/en\/product-category\/packaging-material\/#listItem","name":"Verpackungsmaterial"},"previousItem":{"@type":"ListItem","@id":"https:\/\/shippox.com\/en#listItem","name":"Zu Hause"}},{"@type":"ListItem","@id":"https:\/\/shippox.com\/en\/product-category\/packaging-material\/#listItem","position":3,"name":"Verpackungsmaterial","item":"https:\/\/shippox.com\/en\/product-category\/packaging-material\/","nextItem":{"@type":"ListItem","@id":"https:\/\/shippox.com\/en\/product-category\/packaging-material\/bubble-wrap\/#listItem","name":"Luftpolsterfolie"},"previousItem":{"@type":"ListItem","@id":"https:\/\/shippox.com\/en\/store\/#listItem","name":"Shop"}},{"@type":"ListItem","@id":"https:\/\/shippox.com\/en\/product-category\/packaging-material\/bubble-wrap\/#listItem","position":4,"name":"Luftpolsterfolie","item":"https:\/\/shippox.com\/en\/product-category\/packaging-material\/bubble-wrap\/","nextItem":{"@type":"ListItem","@id":"https:\/\/shippox.com\/en\/product-category\/packaging-material\/bubble-wrap\/unfilled\/#listItem","name":"Unbef\u00fcllt"},"previousItem":{"@type":"ListItem","@id":"https:\/\/shippox.com\/en\/product-category\/packaging-material\/#listItem","name":"Verpackungsmaterial"}},{"@type":"ListItem","@id":"https:\/\/shippox.com\/en\/product-category\/packaging-material\/bubble-wrap\/unfilled\/#listItem","position":5,"name":"Unbef\u00fcllt","item":"https:\/\/shippox.com\/en\/product-category\/packaging-material\/bubble-wrap\/unfilled\/","nextItem":{"@type":"ListItem","@id":"https:\/\/shippox.com\/en\/product\/air-cushion-shippoxbubble-large-40-x-25-cm-x-300-m-hdpe\/#listItem","name":"Luftpolsterkissen ShippoXbubble Large 40 x 25 cm x 300 m HDPE"},"previousItem":{"@type":"ListItem","@id":"https:\/\/shippox.com\/en\/product-category\/packaging-material\/bubble-wrap\/#listItem","name":"Luftpolsterfolie"}},{"@type":"ListItem","@id":"https:\/\/shippox.com\/en\/product\/air-cushion-shippoxbubble-large-40-x-25-cm-x-300-m-hdpe\/#listItem","position":6,"name":"Luftpolsterkissen ShippoXbubble Large 40 x 25 cm x 300 m HDPE","previousItem":{"@type":"ListItem","@id":"https:\/\/shippox.com\/en\/product-category\/packaging-material\/bubble-wrap\/unfilled\/#listItem","name":"Unbef\u00fcllt"}}]},{"@type":"Organization","@id":"https:\/\/shippox.com\/en\/#organization","name":"SHIPPOX","description":"Discover Peakport.de for top automotive accessories, home essentials, and DIY tools. Get exclusive discounts, multi-buy offers, and enjoy free shipping across Germany. Shop with confidence through secure checkout, a 30-day return policy, and loyalty rewards on trusted brands.","url":"https:\/\/shippox.com\/en\/","telephone":"+4953616554406","logo":{"@type":"ImageObject","url":"https:\/\/shippox.com\/wp-content\/uploads\/2025\/03\/cropped-Logo_weiss_web.png","@id":"https:\/\/shippox.com\/en\/product\/air-cushion-shippoxbubble-large-40-x-25-cm-x-300-m-hdpe\/#organizationLogo","width":2558,"height":599},"image":{"@id":"https:\/\/shippox.com\/en\/product\/air-cushion-shippoxbubble-large-40-x-25-cm-x-300-m-hdpe\/#organizationLogo"}},{"@type":"Product","@id":"https:\/\/shippox.com\/en\/product\/air-cushion-shippoxbubble-large-40-x-25-cm-x-300-m-hdpe\/#wooCommerceProduct","name":"Luftpolsterkissen ShippoXbubble Large 40 x 25 cm x 300 m HDPE","url":"https:\/\/shippox.com\/en\/product\/air-cushion-shippoxbubble-large-40-x-25-cm-x-300-m-hdpe\/","sku":"LPPE300L","image":{"@type":"ImageObject","url":"https:\/\/shippox.com\/wp-content\/uploads\/2025\/03\/largeb.jpg","@id":"https:\/\/shippox.com\/en\/product\/air-cushion-shippoxbubble-large-40-x-25-cm-x-300-m-hdpe\/#productImage","width":2000,"height":2000},"offers":{"@type":"Offer","url":"https:\/\/shippox.com\/en\/product\/air-cushion-shippoxbubble-large-40-x-25-cm-x-300-m-hdpe\/#wooCommerceOffer","price":33.9,"priceCurrency":"EUR","category":"Luftpolsterfolie","availability":"https:\/\/schema.org\/OutOfStock","priceSpecification":{"@type":"PriceSpecification","price":33.9,"priceCurrency":"EUR","valueAddedTaxIncluded":"true"},"seller":{"@type":"Organization","@id":"https:\/\/shippox.com\/en\/#organization"}}},{"@type":"WebPage","@id":"https:\/\/shippox.com\/en\/product\/air-cushion-shippoxbubble-large-40-x-25-cm-x-300-m-hdpe\/#webpage","url":"https:\/\/shippox.com\/en\/product\/air-cushion-shippoxbubble-large-40-x-25-cm-x-300-m-hdpe\/","name":"Luftpolsterkissen ShippoXbubble Large 40 x 25 cm x 300 m HDPE - SHIPPOX.com","description":"Luftkissenfolie f\u00fcr Luftkissenmaschinen (HDPE) Material: HDPE (High-Density Polyethylen) \u2013 besonders widerstandsf\u00e4hig und rei\u00dffest Ma\u00dfe: 40 \u00d7 25 cm Perforation: alle 25 cm L\u00e4nge: 300 m pro Rolle St\u00e4rke: 18 \u00b5m Gef\u00fcllt: 34 x 25cm Blasengr\u00f6\u00dfe gef\u00fcllt: 3,5cm Eigenschaften & Verwendung: Diese hochwertige HDPE-Luftkissenfolie eignet sich ideal f\u00fcr die Hohlraumausf\u00fcllung, Polsterung, Umwicklung oder als Zwischenlage. Dank des","inLanguage":"en-US","isPartOf":{"@id":"https:\/\/shippox.com\/en\/#website"},"breadcrumb":{"@id":"https:\/\/shippox.com\/en\/product\/air-cushion-shippoxbubble-large-40-x-25-cm-x-300-m-hdpe\/#breadcrumblist"},"image":{"@type":"ImageObject","url":"https:\/\/shippox.com\/wp-content\/uploads\/2025\/03\/largeb.jpg","@id":"https:\/\/shippox.com\/en\/product\/air-cushion-shippoxbubble-large-40-x-25-cm-x-300-m-hdpe\/#mainImage","width":2000,"height":2000},"primaryImageOfPage":{"@id":"https:\/\/shippox.com\/en\/product\/air-cushion-shippoxbubble-large-40-x-25-cm-x-300-m-hdpe\/#mainImage"},"datePublished":"2025-03-19T09:53:46+01:00","dateModified":"2026-02-09T13:12:25+01:00"},{"@type":"WebSite","@id":"https:\/\/shippox.com\/en\/#website","url":"https:\/\/shippox.com\/en\/","name":"PEAKPORT","inLanguage":"en-US","publisher":{"@id":"https:\/\/shippox.com\/en\/#organization"}}]},"og:locale":"en_US","og:site_name":"SHIPPOX.com -","og:type":"article","og:title":"Luftpolsterkissen ShippoXbubble Large 40 x 25 cm x 300 m HDPE - SHIPPOX.com","og:description":"Luftkissenfolie f\u00fcr Luftkissenmaschinen (HDPE) Material: HDPE (High-Density Polyethylen) \u2013 besonders widerstandsf\u00e4hig und rei\u00dffest Ma\u00dfe: 40 \u00d7 25 cm Perforation: alle 25 cm L\u00e4nge: 300 m pro Rolle St\u00e4rke: 18 \u00b5m Gef\u00fcllt: 34 x 25cm Blasengr\u00f6\u00dfe gef\u00fcllt: 3,5cm Eigenschaften &amp; Verwendung: Diese hochwertige HDPE-Luftkissenfolie eignet sich ideal f\u00fcr die Hohlraumausf\u00fcllung, Polsterung, Umwicklung oder als Zwischenlage. Dank des","og:url":"https:\/\/shippox.com\/en\/product\/air-cushion-shippoxbubble-large-40-x-25-cm-x-300-m-hdpe\/","og:image":"https:\/\/shippox.com\/wp-content\/uploads\/2025\/03\/cropped-Logo_weiss_web.png","og:image:secure_url":"https:\/\/shippox.com\/wp-content\/uploads\/2025\/03\/cropped-Logo_weiss_web.png","article:published_time":"2025-03-19T08:53:46+00:00","article:modified_time":"2026-02-09T12:12:25+00:00","twitter:card":"summary_large_image","twitter:title":"Luftpolsterkissen ShippoXbubble Large 40 x 25 cm x 300 m HDPE - SHIPPOX.com","twitter:description":"Luftkissenfolie f\u00fcr Luftkissenmaschinen (HDPE) Material: HDPE (High-Density Polyethylen) \u2013 besonders widerstandsf\u00e4hig und rei\u00dffest Ma\u00dfe: 40 \u00d7 25 cm Perforation: alle 25 cm L\u00e4nge: 300 m pro Rolle St\u00e4rke: 18 \u00b5m Gef\u00fcllt: 34 x 25cm Blasengr\u00f6\u00dfe gef\u00fcllt: 3,5cm Eigenschaften &amp; Verwendung: Diese hochwertige HDPE-Luftkissenfolie eignet sich ideal f\u00fcr die Hohlraumausf\u00fcllung, Polsterung, Umwicklung oder als Zwischenlage. Dank des","twitter:image":"https:\/\/shippox.com\/wp-content\/uploads\/2025\/03\/cropped-Logo_weiss_web.png"},"aioseo_meta_data":{"post_id":"10138","title":null,"description":null,"keywords":null,"keyphrases":{"focus":{"keyphrase":"","score":0,"analysis":{"keyphraseInTitle":{"score":0,"maxScore":9,"error":1}}},"additional":[]},"primary_term":null,"canonical_url":null,"og_title":null,"og_description":null,"og_object_type":"default","og_image_type":"default","og_image_url":null,"og_image_width":null,"og_image_height":null,"og_image_custom_url":null,"og_image_custom_fields":null,"og_video":"","og_custom_url":null,"og_article_section":null,"og_article_tags":null,"twitter_use_og":false,"twitter_card":"default","twitter_image_type":"default","twitter_image_url":null,"twitter_image_custom_url":null,"twitter_image_custom_fields":null,"twitter_title":null,"twitter_description":null,"schema":{"blockGraphs":[],"customGraphs":[],"default":{"data":{"Article":[],"Course":[],"Dataset":[],"FAQPage":[],"Movie":[],"Person":[],"Product":[],"ProductReview":[],"Car":[],"Recipe":[],"Service":[],"SoftwareApplication":[],"WebPage":[]},"graphName":"Product","isEnabled":true},"graphs":[]},"schema_type":"default","schema_type_options":null,"pillar_content":false,"robots_default":true,"robots_noindex":false,"robots_noarchive":false,"robots_nosnippet":false,"robots_nofollow":false,"robots_noimageindex":false,"robots_noodp":false,"robots_notranslate":false,"robots_max_snippet":"-1","robots_max_videopreview":"-1","robots_max_imagepreview":"large","priority":null,"frequency":"default","local_seo":null,"seo_analyzer_scan_date":"2026-01-28 12:52:35","breadcrumb_settings":null,"limit_modified_date":false,"ai":null,"created":"2025-03-19 08:52:45","updated":"2026-02-09 12:27:32"},"aioseo_breadcrumb":"<div class=\"aioseo-breadcrumbs\"><span class=\"aioseo-breadcrumb\">\n\t<a href=\"https:\/\/shippox.com\/en\" title=\"Zu Hause\">Zu Hause<\/a>\n<\/span><span class=\"aioseo-breadcrumb-separator\">&raquo;<\/span><span class=\"aioseo-breadcrumb\">\n\t<a href=\"https:\/\/shippox.com\/en\/store\/\" title=\"Shop\">Shop<\/a>\n<\/span><span class=\"aioseo-breadcrumb-separator\">&raquo;<\/span><span class=\"aioseo-breadcrumb\">\n\t<a href=\"https:\/\/shippox.com\/en\/product-category\/packaging-material\/\" title=\"Verpackungsmaterial\">Verpackungsmaterial<\/a>\n<\/span><span class=\"aioseo-breadcrumb-separator\">&raquo;<\/span><span class=\"aioseo-breadcrumb\">\n\t<a href=\"https:\/\/shippox.com\/en\/product-category\/packaging-material\/bubble-wrap\/\" title=\"Luftpolsterfolie\">Luftpolsterfolie<\/a>\n<\/span><span class=\"aioseo-breadcrumb-separator\">&raquo;<\/span><span class=\"aioseo-breadcrumb\">\n\t<a href=\"https:\/\/shippox.com\/en\/product-category\/packaging-material\/bubble-wrap\/unfilled\/\" title=\"Unbef\u00fcllt\">Unbef\u00fcllt<\/a>\n<\/span><span class=\"aioseo-breadcrumb-separator\">&raquo;<\/span><span class=\"aioseo-breadcrumb\">\n\tLuftpolsterkissen ShippoXbubble Large 40 x 25 cm x 300 m HDPE\n<\/span><\/div>","aioseo_breadcrumb_json":[{"label":"Zu Hause","link":"https:\/\/shippox.com\/en"},{"label":"Shop","link":"https:\/\/shippox.com\/en\/store\/"},{"label":"Verpackungsmaterial","link":"https:\/\/shippox.com\/en\/product-category\/packaging-material\/"},{"label":"Luftpolsterfolie","link":"https:\/\/shippox.com\/en\/product-category\/packaging-material\/bubble-wrap\/"},{"label":"Unbef\u00fcllt","link":"https:\/\/shippox.com\/en\/product-category\/packaging-material\/bubble-wrap\/unfilled\/"},{"label":"Luftpolsterkissen ShippoXbubble Large 40 x 25 cm x 300 m HDPE","link":"https:\/\/shippox.com\/en\/product\/air-cushion-shippoxbubble-large-40-x-25-cm-x-300-m-hdpe\/"}],"_links":{"self":[{"href":"https:\/\/shippox.com\/en\/wp-json\/wp\/v2\/product\/10138","targetHints":{"allow":["GET"]}}],"collection":[{"href":"https:\/\/shippox.com\/en\/wp-json\/wp\/v2\/product"}],"about":[{"href":"https:\/\/shippox.com\/en\/wp-json\/wp\/v2\/types\/product"}],"replies":[{"embeddable":true,"href":"https:\/\/shippox.com\/en\/wp-json\/wp\/v2\/comments?post=10138"}],"wp:featuredmedia":[{"embeddable":true,"href":"https:\/\/shippox.com\/en\/wp-json\/wp\/v2\/media\/10139"}],"wp:attachment":[{"href":"https:\/\/shippox.com\/en\/wp-json\/wp\/v2\/media?parent=10138"}],"wp:term":[{"taxonomy":"product_brand","embeddable":true,"href":"https:\/\/shippox.com\/en\/wp-json\/wp\/v2\/product_brand?post=10138"},{"taxonomy":"product_cat","embeddable":true,"href":"https:\/\/shippox.com\/en\/wp-json\/wp\/v2\/product_cat?post=10138"},{"taxonomy":"product_tag","embeddable":true,"href":"https:\/\/shippox.com\/en\/wp-json\/wp\/v2\/product_tag?post=10138"}],"curies":[{"name":"wp","href":"https:\/\/api.w.org\/{rel}","templated":true}]}}