{"id":7792,"date":"2024-04-04T18:18:28","date_gmt":"2024-04-04T18:18:28","guid":{"rendered":"https:\/\/shippox.com\/?page_id=7792"},"modified":"2024-05-12T12:46:46","modified_gmt":"2024-05-12T12:46:46","slug":"gutschein","status":"publish","type":"page","link":"https:\/\/shippox.com\/en\/coupon\/","title":{"rendered":"Voucher"},"content":{"rendered":"<p><strong>Buying a voucher made easy<\/strong><\/p>\n\n\n\n<p>Choose a voucher from <a href=\"https:\/\/shippox.com\/en\" target=\"_blank\" rel=\"noopener\" title=\"\">PEAKPORT<\/a> and delight your loved ones with a flexible gift!<\/p>\n\n\n\n<p><strong>Buy voucher online:<\/strong><\/p>\n\n\n\n<ol class=\"wp-block-list\">\n<li>Choose a desired amount between 5 and 500 euros.<\/li>\n\n\n\n<li>Enter the amount in the form and add the voucher to the shopping cart.<\/li>\n\n\n\n<li>Continue your purchase and complete it as usual.<\/li>\n\n\n\n<li>The voucher is sent by e-mail from Monday to Friday between 09:00 and 18:00.<\/li>\n\n\n\n<li>The voucher contains the value amount and an individual voucher code, which is only valid once.<\/li>\n<\/ol>\n\n\n\n<p><strong>Redeem voucher online:<\/strong><\/p>\n\n\n\n<ol class=\"wp-block-list\">\n<li>Enter the voucher code in the appropriate form during the order process.<\/li>\n\n\n\n<li>The total value of the voucher will be deducted from the invoice amount (including shipping costs).<\/li>\n\n\n\n<li>You can offset several vouchers against one order.<\/li>\n<\/ol>\n\n\n\n<p><strong>With the PEAKPORT voucher you are always on the right track<\/strong><\/p>\n\n\n\n<p>A voucher from PEAKPORT is the ideal gift for anyone who likes things to be uncomplicated. Whether it's computers, consumer electronics, toys, or tools - with our voucher, you can choose from our wide range and save yourself unnecessary stress. PEAKPORT makes it possible!<\/p>\n\n\n\n<p><strong>An end to the eternal gift cycle<\/strong><\/p>\n\n\n\n<p>A PEAKPORT voucher is the solution to stress and hectic gift-giving. Why complicate things unnecessarily? With a voucher, you can be sure that the recipient will get exactly what they want. Simply buy your PEAKPORT voucher online and save yourself time and stress.<\/p>","protected":false},"excerpt":{"rendered":"<p>Gutschein kaufen leicht gemacht Entscheide dich f\u00fcr einen Gutschein von PEAKPORT und erfreue deine Liebsten mit einem flexiblen Geschenk! Gutschein online kaufen: Gutschein online einl\u00f6sen: Mit dem PEAKPORT-Gutschein liegst du immer richtig Ein Gutschein von PEAKPORT ist das ideale Geschenk f\u00fcr alle, die es unkompliziert m\u00f6gen. Ob Computer, Unterhaltungselektronik, Spielzeug oder Werkzeug \u2013 mit unserem [&hellip;]<\/p>","protected":false},"author":1,"featured_media":0,"parent":0,"menu_order":0,"comment_status":"closed","ping_status":"closed","template":"","meta":{"_monsterinsights_skip_tracking":false,"_monsterinsights_sitenote_active":false,"_monsterinsights_sitenote_note":"","_monsterinsights_sitenote_category":0,"_uf_show_specific_survey":0,"_uf_disable_surveys":false,"footnotes":""},"class_list":["post-7792","page","type-page","status-publish","hentry"],"aioseo_notices":[],"aioseo_head":"\n\t\t<!-- All in One SEO Pro 4.9.0 - aioseo.com -->\n\t<meta name=\"description\" content=\"Kaufe ganz einfach einen Gutschein bei PEAKPORT und \u00fcberrasche deine Liebsten mit einem flexiblen Geschenk!\" \/>\n\t<meta name=\"robots\" content=\"max-image-preview:large\" \/>\n\t<meta name=\"google-site-verification\" content=\"u1q7B9Nr19U5bJ_Yf1yOaxUbOB7UxhRG2TpBwMh3pdQ\" \/>\n\t<link rel=\"canonical\" href=\"https:\/\/shippox.com\/en\/coupon\/\" \/>\n\t<meta name=\"generator\" content=\"All in One SEO Pro (AIOSEO) 4.9.0\" \/>\n\t\t<meta property=\"og:locale\" content=\"en_US\" \/>\n\t\t<meta property=\"og:site_name\" content=\"SHIPPOX.com -\" \/>\n\t\t<meta property=\"og:type\" content=\"article\" \/>\n\t\t<meta property=\"og:title\" content=\"Gutschein - SHIPPOX.com\" \/>\n\t\t<meta property=\"og:description\" content=\"Kaufe ganz einfach einen Gutschein bei PEAKPORT und \u00fcberrasche deine Liebsten mit einem flexiblen Geschenk!\" \/>\n\t\t<meta property=\"og:url\" content=\"https:\/\/shippox.com\/en\/coupon\/\" \/>\n\t\t<meta property=\"og:image\" content=\"https:\/\/shippox.com\/wp-content\/uploads\/2025\/03\/cropped-Logo_weiss_web.png\" \/>\n\t\t<meta property=\"og:image:secure_url\" content=\"https:\/\/shippox.com\/wp-content\/uploads\/2025\/03\/cropped-Logo_weiss_web.png\" \/>\n\t\t<meta property=\"article:published_time\" content=\"2024-04-04T18:18:28+00:00\" \/>\n\t\t<meta property=\"article:modified_time\" content=\"2024-05-12T12:46:46+00:00\" \/>\n\t\t<meta name=\"twitter:card\" content=\"summary_large_image\" \/>\n\t\t<meta name=\"twitter:title\" content=\"Gutschein - SHIPPOX.com\" \/>\n\t\t<meta name=\"twitter:description\" content=\"Kaufe ganz einfach einen Gutschein bei PEAKPORT und \u00fcberrasche deine Liebsten mit einem flexiblen Geschenk!\" \/>\n\t\t<meta name=\"twitter:image\" content=\"https:\/\/shippox.com\/wp-content\/uploads\/2025\/03\/cropped-Logo_weiss_web.png\" \/>\n\t\t<script type=\"application\/ld+json\" class=\"aioseo-schema\">\n\t\t\t{\"@context\":\"https:\\\/\\\/schema.org\",\"@graph\":[{\"@type\":\"BreadcrumbList\",\"@id\":\"https:\\\/\\\/shippox.com\\\/en\\\/coupon\\\/#breadcrumblist\",\"itemListElement\":[{\"@type\":\"ListItem\",\"@id\":\"https:\\\/\\\/shippox.com\\\/en#listItem\",\"position\":1,\"name\":\"Zu Hause\",\"item\":\"https:\\\/\\\/shippox.com\\\/en\",\"nextItem\":{\"@type\":\"ListItem\",\"@id\":\"https:\\\/\\\/shippox.com\\\/en\\\/coupon\\\/#listItem\",\"name\":\"Gutschein\"}},{\"@type\":\"ListItem\",\"@id\":\"https:\\\/\\\/shippox.com\\\/en\\\/coupon\\\/#listItem\",\"position\":2,\"name\":\"Gutschein\",\"previousItem\":{\"@type\":\"ListItem\",\"@id\":\"https:\\\/\\\/shippox.com\\\/en#listItem\",\"name\":\"Zu Hause\"}}]},{\"@type\":\"Organization\",\"@id\":\"https:\\\/\\\/shippox.com\\\/en\\\/#organization\",\"name\":\"SHIPPOX\",\"description\":\"Discover Peakport.de for top automotive accessories, home essentials, and DIY tools. Get exclusive discounts, multi-buy offers, and enjoy free shipping across Germany. Shop with confidence through secure checkout, a 30-day return policy, and loyalty rewards on trusted brands.\",\"url\":\"https:\\\/\\\/shippox.com\\\/en\\\/\",\"telephone\":\"+4953616554406\",\"logo\":{\"@type\":\"ImageObject\",\"url\":\"https:\\\/\\\/shippox.com\\\/wp-content\\\/uploads\\\/2025\\\/03\\\/cropped-Logo_weiss_web.png\",\"@id\":\"https:\\\/\\\/shippox.com\\\/en\\\/coupon\\\/#organizationLogo\",\"width\":2558,\"height\":599},\"image\":{\"@id\":\"https:\\\/\\\/shippox.com\\\/en\\\/coupon\\\/#organizationLogo\"}},{\"@type\":\"WebPage\",\"@id\":\"https:\\\/\\\/shippox.com\\\/en\\\/coupon\\\/#webpage\",\"url\":\"https:\\\/\\\/shippox.com\\\/en\\\/coupon\\\/\",\"name\":\"Gutschein - SHIPPOX.com\",\"description\":\"Kaufe ganz einfach einen Gutschein bei PEAKPORT und \\u00fcberrasche deine Liebsten mit einem flexiblen Geschenk!\",\"inLanguage\":\"en-US\",\"isPartOf\":{\"@id\":\"https:\\\/\\\/shippox.com\\\/en\\\/#website\"},\"breadcrumb\":{\"@id\":\"https:\\\/\\\/shippox.com\\\/en\\\/coupon\\\/#breadcrumblist\"},\"datePublished\":\"2024-04-04T18:18:28+02:00\",\"dateModified\":\"2024-05-12T12:46:46+02:00\"},{\"@type\":\"WebSite\",\"@id\":\"https:\\\/\\\/shippox.com\\\/en\\\/#website\",\"url\":\"https:\\\/\\\/shippox.com\\\/en\\\/\",\"name\":\"PEAKPORT\",\"inLanguage\":\"en-US\",\"publisher\":{\"@id\":\"https:\\\/\\\/shippox.com\\\/en\\\/#organization\"}}]}\n\t\t<\/script>\n\t\t<!-- All in One SEO Pro -->\r\n\t\t<title>Gutschein - SHIPPOX.com<\/title>\n\n","aioseo_head_json":{"title":"Gutschein - SHIPPOX.com","description":"Kaufe ganz einfach einen Gutschein bei PEAKPORT und \u00fcberrasche deine Liebsten mit einem flexiblen Geschenk!","canonical_url":"https:\/\/shippox.com\/en\/coupon\/","robots":"max-image-preview:large","keywords":"","webmasterTools":{"google-site-verification":"u1q7B9Nr19U5bJ_Yf1yOaxUbOB7UxhRG2TpBwMh3pdQ","miscellaneous":""},"schema":{"@context":"https:\/\/schema.org","@graph":[{"@type":"BreadcrumbList","@id":"https:\/\/shippox.com\/en\/coupon\/#breadcrumblist","itemListElement":[{"@type":"ListItem","@id":"https:\/\/shippox.com\/en#listItem","position":1,"name":"Zu Hause","item":"https:\/\/shippox.com\/en","nextItem":{"@type":"ListItem","@id":"https:\/\/shippox.com\/en\/coupon\/#listItem","name":"Gutschein"}},{"@type":"ListItem","@id":"https:\/\/shippox.com\/en\/coupon\/#listItem","position":2,"name":"Gutschein","previousItem":{"@type":"ListItem","@id":"https:\/\/shippox.com\/en#listItem","name":"Zu Hause"}}]},{"@type":"Organization","@id":"https:\/\/shippox.com\/en\/#organization","name":"SHIPPOX","description":"Discover Peakport.de for top automotive accessories, home essentials, and DIY tools. Get exclusive discounts, multi-buy offers, and enjoy free shipping across Germany. Shop with confidence through secure checkout, a 30-day return policy, and loyalty rewards on trusted brands.","url":"https:\/\/shippox.com\/en\/","telephone":"+4953616554406","logo":{"@type":"ImageObject","url":"https:\/\/shippox.com\/wp-content\/uploads\/2025\/03\/cropped-Logo_weiss_web.png","@id":"https:\/\/shippox.com\/en\/coupon\/#organizationLogo","width":2558,"height":599},"image":{"@id":"https:\/\/shippox.com\/en\/coupon\/#organizationLogo"}},{"@type":"WebPage","@id":"https:\/\/shippox.com\/en\/coupon\/#webpage","url":"https:\/\/shippox.com\/en\/coupon\/","name":"Gutschein - SHIPPOX.com","description":"Kaufe ganz einfach einen Gutschein bei PEAKPORT und \u00fcberrasche deine Liebsten mit einem flexiblen Geschenk!","inLanguage":"en-US","isPartOf":{"@id":"https:\/\/shippox.com\/en\/#website"},"breadcrumb":{"@id":"https:\/\/shippox.com\/en\/coupon\/#breadcrumblist"},"datePublished":"2024-04-04T18:18:28+02:00","dateModified":"2024-05-12T12:46:46+02:00"},{"@type":"WebSite","@id":"https:\/\/shippox.com\/en\/#website","url":"https:\/\/shippox.com\/en\/","name":"PEAKPORT","inLanguage":"en-US","publisher":{"@id":"https:\/\/shippox.com\/en\/#organization"}}]},"og:locale":"en_US","og:site_name":"SHIPPOX.com -","og:type":"article","og:title":"Gutschein - SHIPPOX.com","og:description":"Kaufe ganz einfach einen Gutschein bei PEAKPORT und \u00fcberrasche deine Liebsten mit einem flexiblen Geschenk!","og:url":"https:\/\/shippox.com\/en\/coupon\/","og:image":"https:\/\/shippox.com\/wp-content\/uploads\/2025\/03\/cropped-Logo_weiss_web.png","og:image:secure_url":"https:\/\/shippox.com\/wp-content\/uploads\/2025\/03\/cropped-Logo_weiss_web.png","article:published_time":"2024-04-04T18:18:28+00:00","article:modified_time":"2024-05-12T12:46:46+00:00","twitter:card":"summary_large_image","twitter:title":"Gutschein - SHIPPOX.com","twitter:description":"Kaufe ganz einfach einen Gutschein bei PEAKPORT und \u00fcberrasche deine Liebsten mit einem flexiblen Geschenk!","twitter:image":"https:\/\/shippox.com\/wp-content\/uploads\/2025\/03\/cropped-Logo_weiss_web.png"},"aioseo_meta_data":{"post_id":"7792","title":null,"description":"Kaufe ganz einfach einen Gutschein bei PEAKPORT und \u00fcberrasche deine Liebsten mit einem flexiblen Geschenk!","keywords":[],"keyphrases":{"focus":{"keyphrase":"Gutschein","score":82,"analysis":{"keyphraseInTitle":{"score":9,"maxScore":9,"error":0},"keyphraseInDescription":{"score":9,"maxScore":9,"error":0},"keyphraseLength":{"score":9,"maxScore":9,"error":0,"length":1},"keyphraseInURL":{"score":5,"maxScore":5,"error":0},"keyphraseInIntroduction":{"score":9,"maxScore":9,"error":0},"keyphraseInSubHeadings":[],"keyphraseInImageAlt":[],"keywordDensity":{"type":"high","score":0,"maxScore":9,"error":1}}},"additional":[]},"primary_term":null,"canonical_url":null,"og_title":null,"og_description":null,"og_object_type":"default","og_image_type":"default","og_image_url":null,"og_image_width":null,"og_image_height":null,"og_image_custom_url":null,"og_image_custom_fields":null,"og_video":"","og_custom_url":null,"og_article_section":null,"og_article_tags":[],"twitter_use_og":false,"twitter_card":"default","twitter_image_type":"default","twitter_image_url":null,"twitter_image_custom_url":null,"twitter_image_custom_fields":null,"twitter_title":null,"twitter_description":null,"schema":{"blockGraphs":[],"customGraphs":[],"default":{"data":{"Article":[],"Course":[],"Dataset":[],"FAQPage":[],"Movie":[],"Person":[],"Product":[],"ProductReview":[],"Car":[],"Recipe":[],"Service":[],"SoftwareApplication":[],"WebPage":[]},"graphName":"WebPage","isEnabled":true},"graphs":[]},"schema_type":"default","schema_type_options":null,"pillar_content":false,"robots_default":true,"robots_noindex":false,"robots_noarchive":false,"robots_nosnippet":false,"robots_nofollow":false,"robots_noimageindex":false,"robots_noodp":false,"robots_notranslate":false,"robots_max_snippet":"-1","robots_max_videopreview":"-1","robots_max_imagepreview":"large","priority":null,"frequency":"default","local_seo":null,"seo_analyzer_scan_date":"2026-01-28 12:43:50","breadcrumb_settings":null,"limit_modified_date":false,"ai":null,"created":"2024-04-04 18:12:11","updated":"2026-01-31 06:32:57"},"aioseo_breadcrumb":"<div class=\"aioseo-breadcrumbs\"><span class=\"aioseo-breadcrumb\">\n\t<a href=\"https:\/\/shippox.com\/en\" title=\"Zu Hause\">Zu Hause<\/a>\n<\/span><span class=\"aioseo-breadcrumb-separator\">&raquo;<\/span><span class=\"aioseo-breadcrumb\">\n\tGutschein\n<\/span><\/div>","aioseo_breadcrumb_json":[{"label":"Zu Hause","link":"https:\/\/shippox.com\/en"},{"label":"Gutschein","link":"https:\/\/shippox.com\/en\/coupon\/"}],"_links":{"self":[{"href":"https:\/\/shippox.com\/en\/wp-json\/wp\/v2\/pages\/7792","targetHints":{"allow":["GET"]}}],"collection":[{"href":"https:\/\/shippox.com\/en\/wp-json\/wp\/v2\/pages"}],"about":[{"href":"https:\/\/shippox.com\/en\/wp-json\/wp\/v2\/types\/page"}],"author":[{"embeddable":true,"href":"https:\/\/shippox.com\/en\/wp-json\/wp\/v2\/users\/1"}],"replies":[{"embeddable":true,"href":"https:\/\/shippox.com\/en\/wp-json\/wp\/v2\/comments?post=7792"}],"version-history":[{"count":5,"href":"https:\/\/shippox.com\/en\/wp-json\/wp\/v2\/pages\/7792\/revisions"}],"predecessor-version":[{"id":8614,"href":"https:\/\/shippox.com\/en\/wp-json\/wp\/v2\/pages\/7792\/revisions\/8614"}],"wp:attachment":[{"href":"https:\/\/shippox.com\/en\/wp-json\/wp\/v2\/media?parent=7792"}],"curies":[{"name":"wp","href":"https:\/\/api.w.org\/{rel}","templated":true}]}}