{"id":7194,"date":"2024-03-30T16:03:59","date_gmt":"2024-03-30T16:03:59","guid":{"rendered":"https:\/\/shippox.com\/?page_id=7194"},"modified":"2025-12-30T14:37:47","modified_gmt":"2025-12-30T13:37:47","slug":"altgeraete-batterieentsorgung","status":"publish","type":"page","link":"https:\/\/shippox.com\/en\/disposal-of-old-devices-batteries\/","title":{"rendered":"Disposal of old appliances\/batteries"},"content":{"rendered":"<div data-elementor-type=\"wp-page\" data-elementor-id=\"7194\" class=\"elementor elementor-7194\" data-elementor-settings=\"{&quot;ha_cmc_init_switcher&quot;:&quot;no&quot;}\" data-elementor-post-type=\"page\">\n\t\t\t\t<div data-particle_enable=\"false\" data-particle-mobile-disabled=\"false\" class=\"elementor-element elementor-element-8a31e4d e-flex e-con-boxed e-con e-parent\" data-id=\"8a31e4d\" data-element_type=\"container\" data-settings=\"{&quot;_ha_eqh_enable&quot;:false}\">\n\t\t\t\t\t<div class=\"e-con-inner\">\n\t\t\t\t<div class=\"elementor-element elementor-element-5986c1c elementor-widget elementor-widget-text-editor\" data-id=\"5986c1c\" data-element_type=\"widget\" data-widget_type=\"text-editor.default\">\n\t\t\t\t<div class=\"elementor-widget-container\">\n\t\t\t\t\t\t\t\t\t<p>The <a href=\"https:\/\/shippox.com\/en\">PEAKPORT<\/a> GbR takes its responsibility for the environment very seriously and informs you below about proper battery disposal.<\/p><p><strong>Information on the disposal of used batteries and rechargeable batteries:<\/strong><\/p><p>In connection with the sale of batteries or devices containing batteries, we are obligated to provide specific information.<\/p><p>The importance of separate collection and recycling of waste batteries for the environment and health: Separate collection of waste batteries is crucial for efficient recycling and to avoid negative impacts on the environment and human health due to hazardous substances. Further information can be found at:<\/p><p><a href=\"https:\/\/www.batterie-zurueck.de\/\">https:\/\/www.batterie-zurueck.de\/<\/a><\/p><p>The potential impact of the substances contained in batteries on the environment and human health: Batteries and rechargeable batteries contain harmful substances such as lead, cadmium and mercury, which can have a negative impact on the environment and human health. Batteries containing lithium in particular require proper disposal. Further information can be found at:<\/p><p><a href=\"https:\/\/www.batterie-zurueck.de\/\">https:\/\/www.batterie-zurueck.de\/<\/a><\/p><p>The end user's obligation to remove old batteries, rechargeable batteries and lamps before returning them: As the end user, you are obliged to remove batteries, rechargeable batteries and lamps from electrical and electronic devices before returning them.<\/p><p>You can hand in your used batteries and rechargeable batteries at various collection points, including our dispatch warehouse at the following address: PEAKPORT GbR, Daimlerstr. 26, D-38446 Wolfsburg. You can find further information on returns at<\/p><p><a href=\"https:\/\/www.batterie-zurueck.de\/de\/batterieruecknahme\/\">https:\/\/www.batterie-zurueck.de\/de\/batterieruecknahme\/<\/a><\/p><p>Our BATT registration number is:<\/p><p style=\"text-align: center;\"><strong> DE81601502<\/strong><\/p><p>The crossed-out wheeled garbage can symbol indicates batteries that must be collected separately and disposed of properly. The chemical name of the pollutant contained is also indicated.<\/p><p style=\"text-align: center;\">- Pb = battery contains more than 0.004 percent lead by mass<br \/>- Cd = battery contains more than 0.002 percent cadmium by mass<br \/>- Hg = battery contains more than 0.002 percent mercury by mass<\/p><p><img decoding=\"async\" class=\"aligncenter wp-image-7198 size-medium\" src=\"https:\/\/shippox.com\/wp-content\/uploads\/2024\/03\/batteriehinweis-transparent-300x134.png\" alt=\"Battery disposal\" width=\"300\" height=\"134\" srcset=\"https:\/\/shippox.com\/wp-content\/uploads\/2024\/03\/batteriehinweis-transparent-300x134.png 300w, https:\/\/shippox.com\/wp-content\/uploads\/2024\/03\/batteriehinweis-transparent-150x67.png 150w, https:\/\/shippox.com\/wp-content\/uploads\/2024\/03\/batteriehinweis-transparent-64x29.png 64w, https:\/\/shippox.com\/wp-content\/uploads\/2024\/03\/batteriehinweis-transparent-18x8.png 18w, https:\/\/shippox.com\/wp-content\/uploads\/2024\/03\/batteriehinweis-transparent-80x36.png 80w, https:\/\/shippox.com\/wp-content\/uploads\/2024\/03\/batteriehinweis-transparent-441x197.png 441w, https:\/\/shippox.com\/wp-content\/uploads\/2024\/03\/batteriehinweis-transparent.png 746w\" sizes=\"(max-width: 300px) 100vw, 300px\" \/><\/p><p><img decoding=\"async\" class=\"aligncenter wp-image-7201 size-medium\" src=\"https:\/\/shippox.com\/wp-content\/uploads\/2024\/03\/battg-300x132.png\" alt=\"Battery disposal\" width=\"300\" height=\"132\" srcset=\"https:\/\/shippox.com\/wp-content\/uploads\/2024\/03\/battg-300x132.png 300w, https:\/\/shippox.com\/wp-content\/uploads\/2024\/03\/battg-150x66.png 150w, https:\/\/shippox.com\/wp-content\/uploads\/2024\/03\/battg-800x351.png 800w, https:\/\/shippox.com\/wp-content\/uploads\/2024\/03\/battg-64x28.png 64w, https:\/\/shippox.com\/wp-content\/uploads\/2024\/03\/battg-1024x450.png 1024w, https:\/\/shippox.com\/wp-content\/uploads\/2024\/03\/battg-768x337.png 768w, https:\/\/shippox.com\/wp-content\/uploads\/2024\/03\/battg-1536x675.png 1536w, https:\/\/shippox.com\/wp-content\/uploads\/2024\/03\/battg-18x8.png 18w, https:\/\/shippox.com\/wp-content\/uploads\/2024\/03\/battg-80x35.png 80w, https:\/\/shippox.com\/wp-content\/uploads\/2024\/03\/battg-990x435.png 990w, https:\/\/shippox.com\/wp-content\/uploads\/2024\/03\/battg-441x194.png 441w, https:\/\/shippox.com\/wp-content\/uploads\/2024\/03\/battg.png 1910w\" sizes=\"(max-width: 300px) 100vw, 300px\" \/><\/p>\t\t\t\t\t\t\t\t<\/div>\n\t\t\t\t<\/div>\n\t\t\t\t\t<\/div>\n\t\t\t\t<\/div>\n\t\t<div data-particle_enable=\"false\" data-particle-mobile-disabled=\"false\" class=\"elementor-element elementor-element-d4eb2df e-flex e-con-boxed e-con e-parent\" data-id=\"d4eb2df\" data-element_type=\"container\" data-settings=\"{&quot;_ha_eqh_enable&quot;:false}\">\n\t\t\t\t\t<div class=\"e-con-inner\">\n\t\t\t\t<div class=\"elementor-element elementor-element-6ad8ccf elementor-widget elementor-widget-text-editor\" data-id=\"6ad8ccf\" data-element_type=\"widget\" data-widget_type=\"text-editor.default\">\n\t\t\t\t<div class=\"elementor-widget-container\">\n\t\t\t\t\t\t\t\t\t<p><strong>Information on the disposal of waste electrical and electronic equipment:<\/strong><\/p><p>We inform you about the importance of separate collection and recycling of waste electrical and electronic equipment for the environment and health.<\/p><p>Proper disposal of waste electrical and electronic equipment ensures resource-saving recycling and prevents potential hazards to the environment. Further information can be found at:<\/p><p><a href=\"https:\/\/e-schrott-entsorgen.org\/recyclingprozess.html\">https:\/\/e-schrott-entsorgen.org\/recyclingprozess.html<\/a><\/p><p>The end user's obligation to remove old batteries, rechargeable batteries and lamps before returning them: As the end user, you are obliged to remove batteries, rechargeable batteries and lamps from electrical and electronic devices before returning them.<\/p><p>The available return options: You can return waste electrical and electronic equipment free of charge to our address: PEAKPORT GbR, Daimlerstr. 26, 38446 Wolfsburg. You can find further return options at:<\/p><p><a href=\"https:\/\/entsorgungsstellen.e-schrott-entsorgen.org\">https:\/\/entsorgungsstellen.e-schrott-entsorgen.org<\/a><\/p><p>The end user's obligation to delete personal data: Please delete all personal data on the old devices to be disposed of.<\/p><p>The crossed-out wheeled garbage can symbol indicates waste electrical and electronic equipment that must be collected separately.<\/p><p>Our WEEE registration number is:<\/p><p style=\"text-align: center;\"><strong> DE49333884<\/strong><\/p><p>We are registered with the Stiftung Elektro-Altger\u00e4te Register at Nordostpark 72, 90411 Nuremberg, as a producer of electrical and\/or electronic equipment.<\/p><p>Waste prevention measures have priority over waste management. Further information can be found at:\u00a0<\/p><p><a href=\"https:\/\/www.bmuv.de\/themen\/kreislaufwirtschaft\/abfallpolitik\/abfallvermeidungsprogramm\">https:\/\/www.bmuv.de\/themen\/kreislaufwirtschaft\/abfallpolitik\/abfallvermeidungsprogramm<\/a><\/p><p><img decoding=\"async\" class=\"aligncenter wp-image-7205\" src=\"https:\/\/shippox.com\/wp-content\/uploads\/2024\/03\/pngegg-211x300.png\" alt=\"Battery disposal\" width=\"122\" height=\"174\" srcset=\"https:\/\/shippox.com\/wp-content\/uploads\/2024\/03\/pngegg-211x300.png 211w, https:\/\/shippox.com\/wp-content\/uploads\/2024\/03\/pngegg-300x426.png 300w, https:\/\/shippox.com\/wp-content\/uploads\/2024\/03\/pngegg-150x213.png 150w, https:\/\/shippox.com\/wp-content\/uploads\/2024\/03\/pngegg-64x91.png 64w, https:\/\/shippox.com\/wp-content\/uploads\/2024\/03\/pngegg-8x12.png 8w, https:\/\/shippox.com\/wp-content\/uploads\/2024\/03\/pngegg-56x80.png 56w, https:\/\/shippox.com\/wp-content\/uploads\/2024\/03\/pngegg.png 440w\" sizes=\"(max-width: 122px) 100vw, 122px\" \/><\/p>\t\t\t\t\t\t\t\t<\/div>\n\t\t\t\t<\/div>\n\t\t\t\t\t<\/div>\n\t\t\t\t<\/div>\n\t\t\t\t<\/div>","protected":false},"excerpt":{"rendered":"<p>Die PEAKPORT GbR nimmt ihre Verantwortung f\u00fcr die Umwelt sehr ernst und informiert dich im Folgenden \u00fcber die ordnungsgem\u00e4\u00dfe Batterieentsorgung. Hinweise zur Entsorgung von Altbatterien und Akkus: Im Zusammenhang mit dem Vertrieb von Batterien oder Ger\u00e4ten, die Batterien enthalten, sind wir verpflichtet, spezifische Informationen bereitzustellen. Die Bedeutung der getrennten Sammlung und Verwertung von Altbatterien f\u00fcr [&hellip;]<\/p>","protected":false},"author":1,"featured_media":0,"parent":0,"menu_order":0,"comment_status":"closed","ping_status":"closed","template":"","meta":{"_monsterinsights_skip_tracking":false,"_monsterinsights_sitenote_active":false,"_monsterinsights_sitenote_note":"","_monsterinsights_sitenote_category":0,"_uf_show_specific_survey":0,"_uf_disable_surveys":false,"footnotes":""},"class_list":["post-7194","page","type-page","status-publish","hentry"],"aioseo_notices":[],"aioseo_head":"\n\t\t<!-- All in One SEO Pro 4.9.0 - aioseo.com -->\n\t<meta name=\"description\" content=\"Hinweise zur Entsorgung von Elektro- und Elektronikaltger\u00e4ten sowie zur ordnungsgem\u00e4\u00dfen Batterieentsorgung und -recycling. Weitere Details findest du hier!\" \/>\n\t<meta name=\"robots\" content=\"max-image-preview:large\" \/>\n\t<meta name=\"google-site-verification\" content=\"u1q7B9Nr19U5bJ_Yf1yOaxUbOB7UxhRG2TpBwMh3pdQ\" \/>\n\t<link rel=\"canonical\" href=\"https:\/\/shippox.com\/en\/disposal-of-old-devices-batteries\/\" \/>\n\t<meta name=\"generator\" content=\"All in One SEO Pro (AIOSEO) 4.9.0\" \/>\n\t\t<meta property=\"og:locale\" content=\"en_US\" \/>\n\t\t<meta property=\"og:site_name\" content=\"SHIPPOX.com -\" \/>\n\t\t<meta property=\"og:type\" content=\"article\" \/>\n\t\t<meta property=\"og:title\" content=\"Altger\u00e4te-\/ Batterieentsorgung - SHIPPOX.com\" \/>\n\t\t<meta property=\"og:description\" content=\"Hinweise zur Entsorgung von Elektro- und Elektronikaltger\u00e4ten sowie zur ordnungsgem\u00e4\u00dfen Batterieentsorgung und -recycling. Weitere Details findest du hier!\" \/>\n\t\t<meta property=\"og:url\" content=\"https:\/\/shippox.com\/en\/disposal-of-old-devices-batteries\/\" \/>\n\t\t<meta property=\"og:image\" content=\"https:\/\/shippox.com\/wp-content\/uploads\/2025\/03\/cropped-Logo_weiss_web.png\" \/>\n\t\t<meta property=\"og:image:secure_url\" content=\"https:\/\/shippox.com\/wp-content\/uploads\/2025\/03\/cropped-Logo_weiss_web.png\" \/>\n\t\t<meta property=\"article:published_time\" content=\"2024-03-30T16:03:59+00:00\" \/>\n\t\t<meta property=\"article:modified_time\" content=\"2025-12-30T13:37:47+00:00\" \/>\n\t\t<meta name=\"twitter:card\" content=\"summary_large_image\" \/>\n\t\t<meta name=\"twitter:title\" content=\"Altger\u00e4te-\/ Batterieentsorgung - SHIPPOX.com\" \/>\n\t\t<meta name=\"twitter:description\" content=\"Hinweise zur Entsorgung von Elektro- und Elektronikaltger\u00e4ten sowie zur ordnungsgem\u00e4\u00dfen Batterieentsorgung und -recycling. Weitere Details findest du hier!\" \/>\n\t\t<meta name=\"twitter:image\" content=\"https:\/\/shippox.com\/wp-content\/uploads\/2025\/03\/cropped-Logo_weiss_web.png\" \/>\n\t\t<script type=\"application\/ld+json\" class=\"aioseo-schema\">\n\t\t\t{\"@context\":\"https:\\\/\\\/schema.org\",\"@graph\":[{\"@type\":\"BreadcrumbList\",\"@id\":\"https:\\\/\\\/shippox.com\\\/en\\\/disposal-of-old-devices-batteries\\\/#breadcrumblist\",\"itemListElement\":[{\"@type\":\"ListItem\",\"@id\":\"https:\\\/\\\/shippox.com\\\/en#listItem\",\"position\":1,\"name\":\"Zu Hause\",\"item\":\"https:\\\/\\\/shippox.com\\\/en\",\"nextItem\":{\"@type\":\"ListItem\",\"@id\":\"https:\\\/\\\/shippox.com\\\/en\\\/disposal-of-old-devices-batteries\\\/#listItem\",\"name\":\"Altger\\u00e4te-\\\/ Batterieentsorgung\"}},{\"@type\":\"ListItem\",\"@id\":\"https:\\\/\\\/shippox.com\\\/en\\\/disposal-of-old-devices-batteries\\\/#listItem\",\"position\":2,\"name\":\"Altger\\u00e4te-\\\/ Batterieentsorgung\",\"previousItem\":{\"@type\":\"ListItem\",\"@id\":\"https:\\\/\\\/shippox.com\\\/en#listItem\",\"name\":\"Zu Hause\"}}]},{\"@type\":\"Organization\",\"@id\":\"https:\\\/\\\/shippox.com\\\/en\\\/#organization\",\"name\":\"SHIPPOX\",\"description\":\"Discover Peakport.de for top automotive accessories, home essentials, and DIY tools. Get exclusive discounts, multi-buy offers, and enjoy free shipping across Germany. Shop with confidence through secure checkout, a 30-day return policy, and loyalty rewards on trusted brands.\",\"url\":\"https:\\\/\\\/shippox.com\\\/en\\\/\",\"telephone\":\"+4953616554406\",\"logo\":{\"@type\":\"ImageObject\",\"url\":\"https:\\\/\\\/shippox.com\\\/wp-content\\\/uploads\\\/2025\\\/03\\\/cropped-Logo_weiss_web.png\",\"@id\":\"https:\\\/\\\/shippox.com\\\/en\\\/disposal-of-old-devices-batteries\\\/#organizationLogo\",\"width\":2558,\"height\":599},\"image\":{\"@id\":\"https:\\\/\\\/shippox.com\\\/en\\\/disposal-of-old-devices-batteries\\\/#organizationLogo\"}},{\"@type\":\"WebPage\",\"@id\":\"https:\\\/\\\/shippox.com\\\/en\\\/disposal-of-old-devices-batteries\\\/#webpage\",\"url\":\"https:\\\/\\\/shippox.com\\\/en\\\/disposal-of-old-devices-batteries\\\/\",\"name\":\"Altger\\u00e4te-\\\/ Batterieentsorgung - SHIPPOX.com\",\"description\":\"Hinweise zur Entsorgung von Elektro- und Elektronikaltger\\u00e4ten sowie zur ordnungsgem\\u00e4\\u00dfen Batterieentsorgung und -recycling. Weitere Details findest du hier!\",\"inLanguage\":\"en-US\",\"isPartOf\":{\"@id\":\"https:\\\/\\\/shippox.com\\\/en\\\/#website\"},\"breadcrumb\":{\"@id\":\"https:\\\/\\\/shippox.com\\\/en\\\/disposal-of-old-devices-batteries\\\/#breadcrumblist\"},\"datePublished\":\"2024-03-30T16:03:59+01:00\",\"dateModified\":\"2025-12-30T14:37:47+01:00\"},{\"@type\":\"WebSite\",\"@id\":\"https:\\\/\\\/shippox.com\\\/en\\\/#website\",\"url\":\"https:\\\/\\\/shippox.com\\\/en\\\/\",\"name\":\"PEAKPORT\",\"inLanguage\":\"en-US\",\"publisher\":{\"@id\":\"https:\\\/\\\/shippox.com\\\/en\\\/#organization\"}}]}\n\t\t<\/script>\n\t\t<!-- All in One SEO Pro -->\r\n\t\t<title>Altger\u00e4te-\/ Batterieentsorgung - SHIPPOX.com<\/title>\n\n","aioseo_head_json":{"title":"Altger\u00e4te-\/ Batterieentsorgung - SHIPPOX.com","description":"Hinweise zur Entsorgung von Elektro- und Elektronikaltger\u00e4ten sowie zur ordnungsgem\u00e4\u00dfen Batterieentsorgung und -recycling. Weitere Details findest du hier!","canonical_url":"https:\/\/shippox.com\/en\/disposal-of-old-devices-batteries\/","robots":"max-image-preview:large","keywords":"","webmasterTools":{"google-site-verification":"u1q7B9Nr19U5bJ_Yf1yOaxUbOB7UxhRG2TpBwMh3pdQ","miscellaneous":""},"schema":{"@context":"https:\/\/schema.org","@graph":[{"@type":"BreadcrumbList","@id":"https:\/\/shippox.com\/en\/disposal-of-old-devices-batteries\/#breadcrumblist","itemListElement":[{"@type":"ListItem","@id":"https:\/\/shippox.com\/en#listItem","position":1,"name":"Zu Hause","item":"https:\/\/shippox.com\/en","nextItem":{"@type":"ListItem","@id":"https:\/\/shippox.com\/en\/disposal-of-old-devices-batteries\/#listItem","name":"Altger\u00e4te-\/ Batterieentsorgung"}},{"@type":"ListItem","@id":"https:\/\/shippox.com\/en\/disposal-of-old-devices-batteries\/#listItem","position":2,"name":"Altger\u00e4te-\/ Batterieentsorgung","previousItem":{"@type":"ListItem","@id":"https:\/\/shippox.com\/en#listItem","name":"Zu Hause"}}]},{"@type":"Organization","@id":"https:\/\/shippox.com\/en\/#organization","name":"SHIPPOX","description":"Discover Peakport.de for top automotive accessories, home essentials, and DIY tools. Get exclusive discounts, multi-buy offers, and enjoy free shipping across Germany. Shop with confidence through secure checkout, a 30-day return policy, and loyalty rewards on trusted brands.","url":"https:\/\/shippox.com\/en\/","telephone":"+4953616554406","logo":{"@type":"ImageObject","url":"https:\/\/shippox.com\/wp-content\/uploads\/2025\/03\/cropped-Logo_weiss_web.png","@id":"https:\/\/shippox.com\/en\/disposal-of-old-devices-batteries\/#organizationLogo","width":2558,"height":599},"image":{"@id":"https:\/\/shippox.com\/en\/disposal-of-old-devices-batteries\/#organizationLogo"}},{"@type":"WebPage","@id":"https:\/\/shippox.com\/en\/disposal-of-old-devices-batteries\/#webpage","url":"https:\/\/shippox.com\/en\/disposal-of-old-devices-batteries\/","name":"Altger\u00e4te-\/ Batterieentsorgung - SHIPPOX.com","description":"Hinweise zur Entsorgung von Elektro- und Elektronikaltger\u00e4ten sowie zur ordnungsgem\u00e4\u00dfen Batterieentsorgung und -recycling. Weitere Details findest du hier!","inLanguage":"en-US","isPartOf":{"@id":"https:\/\/shippox.com\/en\/#website"},"breadcrumb":{"@id":"https:\/\/shippox.com\/en\/disposal-of-old-devices-batteries\/#breadcrumblist"},"datePublished":"2024-03-30T16:03:59+01:00","dateModified":"2025-12-30T14:37:47+01:00"},{"@type":"WebSite","@id":"https:\/\/shippox.com\/en\/#website","url":"https:\/\/shippox.com\/en\/","name":"PEAKPORT","inLanguage":"en-US","publisher":{"@id":"https:\/\/shippox.com\/en\/#organization"}}]},"og:locale":"en_US","og:site_name":"SHIPPOX.com -","og:type":"article","og:title":"Altger\u00e4te-\/ Batterieentsorgung - SHIPPOX.com","og:description":"Hinweise zur Entsorgung von Elektro- und Elektronikaltger\u00e4ten sowie zur ordnungsgem\u00e4\u00dfen Batterieentsorgung und -recycling. Weitere Details findest du hier!","og:url":"https:\/\/shippox.com\/en\/disposal-of-old-devices-batteries\/","og:image":"https:\/\/shippox.com\/wp-content\/uploads\/2025\/03\/cropped-Logo_weiss_web.png","og:image:secure_url":"https:\/\/shippox.com\/wp-content\/uploads\/2025\/03\/cropped-Logo_weiss_web.png","article:published_time":"2024-03-30T16:03:59+00:00","article:modified_time":"2025-12-30T13:37:47+00:00","twitter:card":"summary_large_image","twitter:title":"Altger\u00e4te-\/ Batterieentsorgung - SHIPPOX.com","twitter:description":"Hinweise zur Entsorgung von Elektro- und Elektronikaltger\u00e4ten sowie zur ordnungsgem\u00e4\u00dfen Batterieentsorgung und -recycling. Weitere Details findest du hier!","twitter:image":"https:\/\/shippox.com\/wp-content\/uploads\/2025\/03\/cropped-Logo_weiss_web.png"},"aioseo_meta_data":{"post_id":"7194","title":null,"description":"Hinweise zur Entsorgung von Elektro- und Elektronikaltger\u00e4ten sowie zur ordnungsgem\u00e4\u00dfen Batterieentsorgung und -recycling. Weitere Details findest du hier!","keywords":[],"keyphrases":{"focus":{"keyphrase":"Batterieentsorgung","score":85,"analysis":{"keyphraseInTitle":{"score":9,"maxScore":9,"error":0},"keyphraseInDescription":{"score":9,"maxScore":9,"error":0},"keyphraseLength":{"score":9,"maxScore":9,"error":0,"length":1},"keyphraseInURL":{"score":5,"maxScore":5,"error":0},"keyphraseInIntroduction":{"score":9,"maxScore":9,"error":0},"keyphraseInSubHeadings":[],"keyphraseInImageAlt":{"score":9,"maxScore":9,"error":0},"keywordDensity":{"score":0,"type":"low","maxScore":9,"error":1}}},"additional":[]},"primary_term":null,"canonical_url":null,"og_title":null,"og_description":null,"og_object_type":"default","og_image_type":"default","og_image_url":null,"og_image_width":null,"og_image_height":null,"og_image_custom_url":null,"og_image_custom_fields":null,"og_video":"","og_custom_url":null,"og_article_section":null,"og_article_tags":[],"twitter_use_og":false,"twitter_card":"default","twitter_image_type":"default","twitter_image_url":null,"twitter_image_custom_url":null,"twitter_image_custom_fields":null,"twitter_title":null,"twitter_description":null,"schema":{"blockGraphs":[],"customGraphs":[],"default":{"data":{"Article":[],"Course":[],"Dataset":[],"FAQPage":[],"Movie":[],"Person":[],"Product":[],"ProductReview":[],"Car":[],"Recipe":[],"Service":[],"SoftwareApplication":[],"WebPage":[]},"graphName":"WebPage","isEnabled":true},"graphs":[]},"schema_type":"default","schema_type_options":null,"pillar_content":false,"robots_default":true,"robots_noindex":false,"robots_noarchive":false,"robots_nosnippet":false,"robots_nofollow":false,"robots_noimageindex":false,"robots_noodp":false,"robots_notranslate":false,"robots_max_snippet":"-1","robots_max_videopreview":"-1","robots_max_imagepreview":"large","priority":null,"frequency":"default","local_seo":null,"seo_analyzer_scan_date":"2026-01-28 12:45:22","breadcrumb_settings":null,"limit_modified_date":false,"ai":null,"created":"2024-04-03 06:50:40","updated":"2026-01-31 06:32:57"},"aioseo_breadcrumb":"<div class=\"aioseo-breadcrumbs\"><span class=\"aioseo-breadcrumb\">\n\t<a href=\"https:\/\/shippox.com\/en\" title=\"Zu Hause\">Zu Hause<\/a>\n<\/span><span class=\"aioseo-breadcrumb-separator\">&raquo;<\/span><span class=\"aioseo-breadcrumb\">\n\tAltger\u00e4te-\/ Batterieentsorgung\n<\/span><\/div>","aioseo_breadcrumb_json":[{"label":"Zu Hause","link":"https:\/\/shippox.com\/en"},{"label":"Altger\u00e4te-\/ Batterieentsorgung","link":"https:\/\/shippox.com\/en\/disposal-of-old-devices-batteries\/"}],"_links":{"self":[{"href":"https:\/\/shippox.com\/en\/wp-json\/wp\/v2\/pages\/7194","targetHints":{"allow":["GET"]}}],"collection":[{"href":"https:\/\/shippox.com\/en\/wp-json\/wp\/v2\/pages"}],"about":[{"href":"https:\/\/shippox.com\/en\/wp-json\/wp\/v2\/types\/page"}],"author":[{"embeddable":true,"href":"https:\/\/shippox.com\/en\/wp-json\/wp\/v2\/users\/1"}],"replies":[{"embeddable":true,"href":"https:\/\/shippox.com\/en\/wp-json\/wp\/v2\/comments?post=7194"}],"version-history":[{"count":82,"href":"https:\/\/shippox.com\/en\/wp-json\/wp\/v2\/pages\/7194\/revisions"}],"predecessor-version":[{"id":10362,"href":"https:\/\/shippox.com\/en\/wp-json\/wp\/v2\/pages\/7194\/revisions\/10362"}],"wp:attachment":[{"href":"https:\/\/shippox.com\/en\/wp-json\/wp\/v2\/media?parent=7194"}],"curies":[{"name":"wp","href":"https:\/\/api.w.org\/{rel}","templated":true}]}}